{"id":15691,"date":"2025-07-29T13:24:27","date_gmt":"2025-07-29T11:24:27","guid":{"rendered":"https:\/\/www.snowsports.ch\/?page_id=15691"},"modified":"2026-01-27T16:18:13","modified_gmt":"2026-01-27T15:18:13","slug":"nature-and-environment","status":"publish","type":"page","link":"https:\/\/www.snowsports.ch\/fr\/startseite\/formation\/cours-de-formation\/level-4\/nature-and-environment\/","title":{"rendered":"Nature and Environment"},"content":{"rendered":"","protected":false},"excerpt":{"rendered":"","protected":false},"author":3634,"featured_media":0,"parent":15582,"menu_order":30,"comment_status":"closed","ping_status":"closed","template":"","meta":{"_acf_changed":false,"footnotes":""},"class_list":["post-15691","page","type-page","status-publish","hentry"],"acf":[],"yoast_head":"<!-- This site is optimized with the Yoast SEO plugin v26.2 - https:\/\/yoast.com\/wordpress\/plugins\/seo\/ -->\n<title>Nature and Environment &#8211; Swiss Snowsports<\/title>\n<meta name=\"description\" content=\"Dans ce module, tu apprends comment sensibiliser tes h\u00f4tes \u00e0 la nature, \u00e0 l&#039;environnement et \u00e0 la culture locales.\" \/>\n<meta name=\"robots\" content=\"index, follow, max-snippet:-1, max-image-preview:large, max-video-preview:-1\" \/>\n<link rel=\"canonical\" href=\"https:\/\/www.snowsports.ch\/fr\/startseite\/formation\/cours-de-formation\/level-4\/nature-and-environment\/\" \/>\n<meta property=\"og:locale\" content=\"fr_FR\" \/>\n<meta property=\"og:type\" content=\"article\" \/>\n<meta property=\"og:title\" content=\"Nature and Environment &#8211; Swiss Snowsports\" \/>\n<meta property=\"og:description\" content=\"Dans ce module, tu apprends comment sensibiliser tes h\u00f4tes \u00e0 la nature, \u00e0 l&#039;environnement et \u00e0 la culture locales.\" \/>\n<meta property=\"og:url\" content=\"https:\/\/www.snowsports.ch\/fr\/startseite\/formation\/cours-de-formation\/level-4\/nature-and-environment\/\" \/>\n<meta property=\"og:site_name\" content=\"Swiss Snowsports\" \/>\n<meta property=\"article:modified_time\" content=\"2026-01-27T15:18:13+00:00\" \/>\n<meta name=\"twitter:card\" content=\"summary_large_image\" \/>\n<script type=\"application\/ld+json\" class=\"yoast-schema-graph\">{\"@context\":\"https:\/\/schema.org\",\"@graph\":[{\"@type\":\"WebPage\",\"@id\":\"https:\/\/www.snowsports.ch\/fr\/startseite\/formation\/cours-de-formation\/level-4\/nature-and-environment\/\",\"url\":\"https:\/\/www.snowsports.ch\/fr\/startseite\/formation\/cours-de-formation\/level-4\/nature-and-environment\/\",\"name\":\"Nature and Environment &#8211; Swiss Snowsports\",\"isPartOf\":{\"@id\":\"https:\/\/www.snowsports.ch\/fr\/#website\"},\"datePublished\":\"2025-07-29T11:24:27+00:00\",\"dateModified\":\"2026-01-27T15:18:13+00:00\",\"description\":\"Dans ce module, tu apprends comment sensibiliser tes h\u00f4tes \u00e0 la nature, \u00e0 l'environnement et \u00e0 la culture locales.\",\"breadcrumb\":{\"@id\":\"https:\/\/www.snowsports.ch\/fr\/startseite\/formation\/cours-de-formation\/level-4\/nature-and-environment\/#breadcrumb\"},\"inLanguage\":\"fr-FR\",\"potentialAction\":[{\"@type\":\"ReadAction\",\"target\":[\"https:\/\/www.snowsports.ch\/fr\/startseite\/formation\/cours-de-formation\/level-4\/nature-and-environment\/\"]}]},{\"@type\":\"BreadcrumbList\",\"@id\":\"https:\/\/www.snowsports.ch\/fr\/startseite\/formation\/cours-de-formation\/level-4\/nature-and-environment\/#breadcrumb\",\"itemListElement\":[{\"@type\":\"ListItem\",\"position\":1,\"name\":\"Home\",\"item\":\"https:\/\/www.snowsports.ch\/fr\/\"},{\"@type\":\"ListItem\",\"position\":2,\"name\":\"Page d&#8217;accueil\",\"item\":\"https:\/\/www.snowsports.ch\/fr\/\"},{\"@type\":\"ListItem\",\"position\":3,\"name\":\"Formation\",\"item\":\"https:\/\/www.snowsports.ch\/fr\/startseite\/formation\/\"},{\"@type\":\"ListItem\",\"position\":4,\"name\":\"Cours de formation\",\"item\":\"https:\/\/www.snowsports.ch\/fr\/startseite\/formation\/cours-de-formation\/\"},{\"@type\":\"ListItem\",\"position\":5,\"name\":\"Level 4 Instructor\",\"item\":\"https:\/\/www.snowsports.ch\/fr\/startseite\/formation\/cours-de-formation\/level-4\/\"},{\"@type\":\"ListItem\",\"position\":6,\"name\":\"Nature and Environment\"}]},{\"@type\":\"WebSite\",\"@id\":\"https:\/\/www.snowsports.ch\/fr\/#website\",\"url\":\"https:\/\/www.snowsports.ch\/fr\/\",\"name\":\"Swiss Snowsports\",\"description\":\"\",\"potentialAction\":[{\"@type\":\"SearchAction\",\"target\":{\"@type\":\"EntryPoint\",\"urlTemplate\":\"https:\/\/www.snowsports.ch\/fr\/?s={search_term_string}\"},\"query-input\":{\"@type\":\"PropertyValueSpecification\",\"valueRequired\":true,\"valueName\":\"search_term_string\"}}],\"inLanguage\":\"fr-FR\"}]}<\/script>\n<!-- \/ Yoast SEO plugin. -->","yoast_head_json":{"title":"Nature and Environment &#8211; Swiss Snowsports","description":"Dans ce module, tu apprends comment sensibiliser tes h\u00f4tes \u00e0 la nature, \u00e0 l'environnement et \u00e0 la culture locales.","robots":{"index":"index","follow":"follow","max-snippet":"max-snippet:-1","max-image-preview":"max-image-preview:large","max-video-preview":"max-video-preview:-1"},"canonical":"https:\/\/www.snowsports.ch\/fr\/startseite\/formation\/cours-de-formation\/level-4\/nature-and-environment\/","og_locale":"fr_FR","og_type":"article","og_title":"Nature and Environment &#8211; Swiss Snowsports","og_description":"Dans ce module, tu apprends comment sensibiliser tes h\u00f4tes \u00e0 la nature, \u00e0 l'environnement et \u00e0 la culture locales.","og_url":"https:\/\/www.snowsports.ch\/fr\/startseite\/formation\/cours-de-formation\/level-4\/nature-and-environment\/","og_site_name":"Swiss Snowsports","article_modified_time":"2026-01-27T15:18:13+00:00","twitter_card":"summary_large_image","schema":{"@context":"https:\/\/schema.org","@graph":[{"@type":"WebPage","@id":"https:\/\/www.snowsports.ch\/fr\/startseite\/formation\/cours-de-formation\/level-4\/nature-and-environment\/","url":"https:\/\/www.snowsports.ch\/fr\/startseite\/formation\/cours-de-formation\/level-4\/nature-and-environment\/","name":"Nature and Environment &#8211; Swiss Snowsports","isPartOf":{"@id":"https:\/\/www.snowsports.ch\/fr\/#website"},"datePublished":"2025-07-29T11:24:27+00:00","dateModified":"2026-01-27T15:18:13+00:00","description":"Dans ce module, tu apprends comment sensibiliser tes h\u00f4tes \u00e0 la nature, \u00e0 l'environnement et \u00e0 la culture locales.","breadcrumb":{"@id":"https:\/\/www.snowsports.ch\/fr\/startseite\/formation\/cours-de-formation\/level-4\/nature-and-environment\/#breadcrumb"},"inLanguage":"fr-FR","potentialAction":[{"@type":"ReadAction","target":["https:\/\/www.snowsports.ch\/fr\/startseite\/formation\/cours-de-formation\/level-4\/nature-and-environment\/"]}]},{"@type":"BreadcrumbList","@id":"https:\/\/www.snowsports.ch\/fr\/startseite\/formation\/cours-de-formation\/level-4\/nature-and-environment\/#breadcrumb","itemListElement":[{"@type":"ListItem","position":1,"name":"Home","item":"https:\/\/www.snowsports.ch\/fr\/"},{"@type":"ListItem","position":2,"name":"Page d&#8217;accueil","item":"https:\/\/www.snowsports.ch\/fr\/"},{"@type":"ListItem","position":3,"name":"Formation","item":"https:\/\/www.snowsports.ch\/fr\/startseite\/formation\/"},{"@type":"ListItem","position":4,"name":"Cours de formation","item":"https:\/\/www.snowsports.ch\/fr\/startseite\/formation\/cours-de-formation\/"},{"@type":"ListItem","position":5,"name":"Level 4 Instructor","item":"https:\/\/www.snowsports.ch\/fr\/startseite\/formation\/cours-de-formation\/level-4\/"},{"@type":"ListItem","position":6,"name":"Nature and Environment"}]},{"@type":"WebSite","@id":"https:\/\/www.snowsports.ch\/fr\/#website","url":"https:\/\/www.snowsports.ch\/fr\/","name":"Swiss Snowsports","description":"","potentialAction":[{"@type":"SearchAction","target":{"@type":"EntryPoint","urlTemplate":"https:\/\/www.snowsports.ch\/fr\/?s={search_term_string}"},"query-input":{"@type":"PropertyValueSpecification","valueRequired":true,"valueName":"search_term_string"}}],"inLanguage":"fr-FR"}]}},"_links":{"self":[{"href":"https:\/\/www.snowsports.ch\/fr\/wp-json\/wp\/v2\/pages\/15691","targetHints":{"allow":["GET"]}}],"collection":[{"href":"https:\/\/www.snowsports.ch\/fr\/wp-json\/wp\/v2\/pages"}],"about":[{"href":"https:\/\/www.snowsports.ch\/fr\/wp-json\/wp\/v2\/types\/page"}],"author":[{"embeddable":true,"href":"https:\/\/www.snowsports.ch\/fr\/wp-json\/wp\/v2\/users\/3634"}],"replies":[{"embeddable":true,"href":"https:\/\/www.snowsports.ch\/fr\/wp-json\/wp\/v2\/comments?post=15691"}],"version-history":[{"count":13,"href":"https:\/\/www.snowsports.ch\/fr\/wp-json\/wp\/v2\/pages\/15691\/revisions"}],"predecessor-version":[{"id":35985,"href":"https:\/\/www.snowsports.ch\/fr\/wp-json\/wp\/v2\/pages\/15691\/revisions\/35985"}],"up":[{"embeddable":true,"href":"https:\/\/www.snowsports.ch\/fr\/wp-json\/wp\/v2\/pages\/15582"}],"wp:attachment":[{"href":"https:\/\/www.snowsports.ch\/fr\/wp-json\/wp\/v2\/media?parent=15691"}],"curies":[{"name":"wp","href":"https:\/\/api.w.org\/{rel}","templated":true}]}}