{"id":3075,"date":"2024-02-23T14:48:25","date_gmt":"2024-02-23T13:48:25","guid":{"rendered":"https:\/\/www.snowsports.ch\/startseite\/formation\/infos-generales-modele-de-cours\/"},"modified":"2026-01-27T15:53:37","modified_gmt":"2026-01-27T14:53:37","slug":"infos-generales-modele-de-cours","status":"publish","type":"page","link":"https:\/\/www.snowsports.ch\/fr\/startseite\/formation\/infos-generales-modele-de-cours\/","title":{"rendered":"Infos g\u00e9n\u00e9rales &amp; mod\u00e8le de cours"},"content":{"rendered":"","protected":false},"excerpt":{"rendered":"","protected":false},"author":1,"featured_media":0,"parent":2426,"menu_order":30,"comment_status":"closed","ping_status":"closed","template":"","meta":{"_acf_changed":false,"footnotes":""},"class_list":["post-3075","page","type-page","status-publish","hentry"],"acf":[],"yoast_head":"<!-- This site is optimized with the Yoast SEO plugin v26.2 - https:\/\/yoast.com\/wordpress\/plugins\/seo\/ -->\n<title>Infos g\u00e9n\u00e9rales &amp; mod\u00e8le de cours &#8211; Swiss Snowsports<\/title>\n<meta name=\"robots\" content=\"index, follow, max-snippet:-1, max-image-preview:large, max-video-preview:-1\" \/>\n<link rel=\"canonical\" href=\"https:\/\/www.snowsports.ch\/fr\/startseite\/formation\/infos-generales-modele-de-cours\/\" \/>\n<meta property=\"og:locale\" content=\"fr_FR\" \/>\n<meta property=\"og:type\" content=\"article\" \/>\n<meta property=\"og:title\" content=\"Infos g\u00e9n\u00e9rales &amp; mod\u00e8le de cours &#8211; Swiss Snowsports\" \/>\n<meta property=\"og:url\" content=\"https:\/\/www.snowsports.ch\/fr\/startseite\/formation\/infos-generales-modele-de-cours\/\" \/>\n<meta property=\"og:site_name\" content=\"Swiss Snowsports\" \/>\n<meta property=\"article:modified_time\" content=\"2026-01-27T14:53:37+00:00\" \/>\n<meta name=\"twitter:card\" content=\"summary_large_image\" \/>\n<script type=\"application\/ld+json\" class=\"yoast-schema-graph\">{\"@context\":\"https:\/\/schema.org\",\"@graph\":[{\"@type\":\"WebPage\",\"@id\":\"https:\/\/www.snowsports.ch\/fr\/startseite\/formation\/infos-generales-modele-de-cours\/\",\"url\":\"https:\/\/www.snowsports.ch\/fr\/startseite\/formation\/infos-generales-modele-de-cours\/\",\"name\":\"Infos g\u00e9n\u00e9rales &amp; mod\u00e8le de cours &#8211; Swiss Snowsports\",\"isPartOf\":{\"@id\":\"https:\/\/www.snowsports.ch\/fr\/#website\"},\"datePublished\":\"2024-02-23T13:48:25+00:00\",\"dateModified\":\"2026-01-27T14:53:37+00:00\",\"breadcrumb\":{\"@id\":\"https:\/\/www.snowsports.ch\/fr\/startseite\/formation\/infos-generales-modele-de-cours\/#breadcrumb\"},\"inLanguage\":\"fr-FR\",\"potentialAction\":[{\"@type\":\"ReadAction\",\"target\":[\"https:\/\/www.snowsports.ch\/fr\/startseite\/formation\/infos-generales-modele-de-cours\/\"]}]},{\"@type\":\"BreadcrumbList\",\"@id\":\"https:\/\/www.snowsports.ch\/fr\/startseite\/formation\/infos-generales-modele-de-cours\/#breadcrumb\",\"itemListElement\":[{\"@type\":\"ListItem\",\"position\":1,\"name\":\"Home\",\"item\":\"https:\/\/www.snowsports.ch\/fr\/\"},{\"@type\":\"ListItem\",\"position\":2,\"name\":\"Page d&#8217;accueil\",\"item\":\"https:\/\/www.snowsports.ch\/fr\/\"},{\"@type\":\"ListItem\",\"position\":3,\"name\":\"Formation\",\"item\":\"https:\/\/www.snowsports.ch\/fr\/startseite\/formation\/\"},{\"@type\":\"ListItem\",\"position\":4,\"name\":\"Infos g\u00e9n\u00e9rales &amp; mod\u00e8le de cours\"}]},{\"@type\":\"WebSite\",\"@id\":\"https:\/\/www.snowsports.ch\/fr\/#website\",\"url\":\"https:\/\/www.snowsports.ch\/fr\/\",\"name\":\"Swiss Snowsports\",\"description\":\"\",\"potentialAction\":[{\"@type\":\"SearchAction\",\"target\":{\"@type\":\"EntryPoint\",\"urlTemplate\":\"https:\/\/www.snowsports.ch\/fr\/?s={search_term_string}\"},\"query-input\":{\"@type\":\"PropertyValueSpecification\",\"valueRequired\":true,\"valueName\":\"search_term_string\"}}],\"inLanguage\":\"fr-FR\"}]}<\/script>\n<!-- \/ Yoast SEO plugin. -->","yoast_head_json":{"title":"Infos g\u00e9n\u00e9rales &amp; mod\u00e8le de cours &#8211; Swiss Snowsports","robots":{"index":"index","follow":"follow","max-snippet":"max-snippet:-1","max-image-preview":"max-image-preview:large","max-video-preview":"max-video-preview:-1"},"canonical":"https:\/\/www.snowsports.ch\/fr\/startseite\/formation\/infos-generales-modele-de-cours\/","og_locale":"fr_FR","og_type":"article","og_title":"Infos g\u00e9n\u00e9rales &amp; mod\u00e8le de cours &#8211; Swiss Snowsports","og_url":"https:\/\/www.snowsports.ch\/fr\/startseite\/formation\/infos-generales-modele-de-cours\/","og_site_name":"Swiss Snowsports","article_modified_time":"2026-01-27T14:53:37+00:00","twitter_card":"summary_large_image","schema":{"@context":"https:\/\/schema.org","@graph":[{"@type":"WebPage","@id":"https:\/\/www.snowsports.ch\/fr\/startseite\/formation\/infos-generales-modele-de-cours\/","url":"https:\/\/www.snowsports.ch\/fr\/startseite\/formation\/infos-generales-modele-de-cours\/","name":"Infos g\u00e9n\u00e9rales &amp; mod\u00e8le de cours &#8211; Swiss Snowsports","isPartOf":{"@id":"https:\/\/www.snowsports.ch\/fr\/#website"},"datePublished":"2024-02-23T13:48:25+00:00","dateModified":"2026-01-27T14:53:37+00:00","breadcrumb":{"@id":"https:\/\/www.snowsports.ch\/fr\/startseite\/formation\/infos-generales-modele-de-cours\/#breadcrumb"},"inLanguage":"fr-FR","potentialAction":[{"@type":"ReadAction","target":["https:\/\/www.snowsports.ch\/fr\/startseite\/formation\/infos-generales-modele-de-cours\/"]}]},{"@type":"BreadcrumbList","@id":"https:\/\/www.snowsports.ch\/fr\/startseite\/formation\/infos-generales-modele-de-cours\/#breadcrumb","itemListElement":[{"@type":"ListItem","position":1,"name":"Home","item":"https:\/\/www.snowsports.ch\/fr\/"},{"@type":"ListItem","position":2,"name":"Page d&#8217;accueil","item":"https:\/\/www.snowsports.ch\/fr\/"},{"@type":"ListItem","position":3,"name":"Formation","item":"https:\/\/www.snowsports.ch\/fr\/startseite\/formation\/"},{"@type":"ListItem","position":4,"name":"Infos g\u00e9n\u00e9rales &amp; mod\u00e8le de cours"}]},{"@type":"WebSite","@id":"https:\/\/www.snowsports.ch\/fr\/#website","url":"https:\/\/www.snowsports.ch\/fr\/","name":"Swiss Snowsports","description":"","potentialAction":[{"@type":"SearchAction","target":{"@type":"EntryPoint","urlTemplate":"https:\/\/www.snowsports.ch\/fr\/?s={search_term_string}"},"query-input":{"@type":"PropertyValueSpecification","valueRequired":true,"valueName":"search_term_string"}}],"inLanguage":"fr-FR"}]}},"_links":{"self":[{"href":"https:\/\/www.snowsports.ch\/fr\/wp-json\/wp\/v2\/pages\/3075","targetHints":{"allow":["GET"]}}],"collection":[{"href":"https:\/\/www.snowsports.ch\/fr\/wp-json\/wp\/v2\/pages"}],"about":[{"href":"https:\/\/www.snowsports.ch\/fr\/wp-json\/wp\/v2\/types\/page"}],"author":[{"embeddable":true,"href":"https:\/\/www.snowsports.ch\/fr\/wp-json\/wp\/v2\/users\/1"}],"replies":[{"embeddable":true,"href":"https:\/\/www.snowsports.ch\/fr\/wp-json\/wp\/v2\/comments?post=3075"}],"version-history":[{"count":38,"href":"https:\/\/www.snowsports.ch\/fr\/wp-json\/wp\/v2\/pages\/3075\/revisions"}],"predecessor-version":[{"id":35978,"href":"https:\/\/www.snowsports.ch\/fr\/wp-json\/wp\/v2\/pages\/3075\/revisions\/35978"}],"up":[{"embeddable":true,"href":"https:\/\/www.snowsports.ch\/fr\/wp-json\/wp\/v2\/pages\/2426"}],"wp:attachment":[{"href":"https:\/\/www.snowsports.ch\/fr\/wp-json\/wp\/v2\/media?parent=3075"}],"curies":[{"name":"wp","href":"https:\/\/api.w.org\/{rel}","templated":true}]}}