{"id":4794,"date":"2024-05-31T08:11:04","date_gmt":"2024-05-31T06:11:04","guid":{"rendered":"https:\/\/www.snowsports.ch\/product\/band-7-2010-varianten-und-touren\/"},"modified":"2026-04-05T17:30:21","modified_gmt":"2026-04-05T15:30:21","slug":"band-7-2010-varianten-und-touren","status":"publish","type":"product","link":"https:\/\/www.snowsports.ch\/fr\/produit\/band-7-2010-varianten-und-touren\/","title":{"rendered":"Volume 7\/2010 Hors-piste et randonn\u00e9e"},"content":{"rendered":"<p>Notre manuel a \u00e9t\u00e9 d\u00e9velopp\u00e9 par des sp\u00e9cialistes outdoor exp\u00e9riment\u00e9.e.s et inclut les derniers progr\u00e8s technologiques afin de t\u2019offrir une exp\u00e9rience d\u2019apprentissage compl\u00e8te et pratique. Gr\u00e2ce \u00e0 des graphiques clairs, des exercices interactifs et des conseils ax\u00e9s sur la pratique, tu t\u2019initieras pas \u00e0 pas dans le monde de l\u2019aventure backcountry et tu apprendras comment assurer ta s\u00e9curit\u00e9 et celle des personnes qui t\u2019accompagnent. Plonge dans le monde fascinant du ski, du snowboard et de la randonn\u00e9e backcountry et \u00e9largis tes connaissances sur les ph\u00e9nom\u00e8nes m\u00e9t\u00e9orologiques, les animaux sauvages et les principaux aspects juridiques. Apprends comment te d\u00e9placer en toute s\u00e9curit\u00e9 dans les environnements alpins, comment reconna\u00eetre et \u00e9viter les dangers et quel \u00e9quipement est n\u00e9cessaire afin d\u2019\u00eatre parfaitement \u00e9quip\u00e9.e pour chaque aventure.<\/p>\n","protected":false},"excerpt":{"rendered":"<p>Le manuel transmet des connaissances pour des exp\u00e9riences en toute s\u00e9curit\u00e9 en dehors des pistes balis\u00e9es ainsi que des connaissances sur la m\u00e9t\u00e9o, les animaux sauvages, ainsi que les droits et devoirs.<\/p>\n","protected":false},"featured_media":5115,"template":"","meta":{"_acf_changed":false},"product_cat":[190],"product_tag":[],"class_list":{"0":"post-4794","1":"product","2":"type-product","3":"status-publish","4":"has-post-thumbnail","6":"product_cat-manuel","8":"first","9":"instock","10":"taxable","11":"shipping-taxable","12":"purchasable","13":"product-type-variable"},"acf":[],"yoast_head":"<!-- This site is optimized with the Yoast SEO plugin v26.2 - https:\/\/yoast.com\/wordpress\/plugins\/seo\/ -->\n<title>Volume 7\/2010 Hors-piste et randonn\u00e9e &#8211; Swiss Snowsports<\/title>\n<meta name=\"robots\" content=\"index, follow, max-snippet:-1, max-image-preview:large, max-video-preview:-1\" \/>\n<link rel=\"canonical\" href=\"https:\/\/www.snowsports.ch\/fr\/produit\/band-7-2010-varianten-und-touren\/\" \/>\n<meta property=\"og:locale\" content=\"fr_FR\" \/>\n<meta property=\"og:type\" content=\"article\" \/>\n<meta property=\"og:title\" content=\"Volume 7\/2010 Hors-piste et randonn\u00e9e &#8211; Swiss Snowsports\" \/>\n<meta property=\"og:description\" content=\"Le manuel transmet des connaissances pour des exp\u00e9riences en toute s\u00e9curit\u00e9 en dehors des pistes balis\u00e9es ainsi que des connaissances sur la m\u00e9t\u00e9o, les animaux sauvages, ainsi que les droits et devoirs.\" \/>\n<meta property=\"og:url\" content=\"https:\/\/www.snowsports.ch\/fr\/produit\/band-7-2010-varianten-und-touren\/\" \/>\n<meta property=\"og:site_name\" content=\"Swiss Snowsports\" \/>\n<meta property=\"article:modified_time\" content=\"2026-04-05T15:30:21+00:00\" \/>\n<meta property=\"og:image\" content=\"https:\/\/www.snowsports.ch\/wp-content\/uploads\/2024\/07\/7-3.png\" \/>\n\t<meta property=\"og:image:width\" content=\"3654\" \/>\n\t<meta property=\"og:image:height\" content=\"3420\" \/>\n\t<meta property=\"og:image:type\" content=\"image\/png\" \/>\n<meta name=\"twitter:card\" content=\"summary_large_image\" \/>\n<meta name=\"twitter:label1\" content=\"Dur\u00e9e de lecture estim\u00e9e\" \/>\n\t<meta name=\"twitter:data1\" content=\"1 minute\" \/>\n<script type=\"application\/ld+json\" class=\"yoast-schema-graph\">{\"@context\":\"https:\/\/schema.org\",\"@graph\":[{\"@type\":\"WebPage\",\"@id\":\"https:\/\/www.snowsports.ch\/fr\/produit\/band-7-2010-varianten-und-touren\/\",\"url\":\"https:\/\/www.snowsports.ch\/fr\/produit\/band-7-2010-varianten-und-touren\/\",\"name\":\"Volume 7\/2010 Hors-piste et randonn\u00e9e &#8211; Swiss Snowsports\",\"isPartOf\":{\"@id\":\"https:\/\/www.snowsports.ch\/fr\/#website\"},\"primaryImageOfPage\":{\"@id\":\"https:\/\/www.snowsports.ch\/fr\/produit\/band-7-2010-varianten-und-touren\/#primaryimage\"},\"image\":{\"@id\":\"https:\/\/www.snowsports.ch\/fr\/produit\/band-7-2010-varianten-und-touren\/#primaryimage\"},\"thumbnailUrl\":\"https:\/\/www.snowsports.ch\/wp-content\/uploads\/2024\/07\/7-3.png\",\"datePublished\":\"2024-05-31T06:11:04+00:00\",\"dateModified\":\"2026-04-05T15:30:21+00:00\",\"breadcrumb\":{\"@id\":\"https:\/\/www.snowsports.ch\/fr\/produit\/band-7-2010-varianten-und-touren\/#breadcrumb\"},\"inLanguage\":\"fr-FR\",\"potentialAction\":[{\"@type\":\"ReadAction\",\"target\":[\"https:\/\/www.snowsports.ch\/fr\/produit\/band-7-2010-varianten-und-touren\/\"]}]},{\"@type\":\"ImageObject\",\"inLanguage\":\"fr-FR\",\"@id\":\"https:\/\/www.snowsports.ch\/fr\/produit\/band-7-2010-varianten-und-touren\/#primaryimage\",\"url\":\"https:\/\/www.snowsports.ch\/wp-content\/uploads\/2024\/07\/7-3.png\",\"contentUrl\":\"https:\/\/www.snowsports.ch\/wp-content\/uploads\/2024\/07\/7-3.png\",\"width\":3654,\"height\":3420},{\"@type\":\"BreadcrumbList\",\"@id\":\"https:\/\/www.snowsports.ch\/fr\/produit\/band-7-2010-varianten-und-touren\/#breadcrumb\",\"itemListElement\":[{\"@type\":\"ListItem\",\"position\":1,\"name\":\"Home\",\"item\":\"https:\/\/www.snowsports.ch\/fr\/\"},{\"@type\":\"ListItem\",\"position\":2,\"name\":\"Shop\",\"item\":\"https:\/\/www.snowsports.ch\/shop\/\"},{\"@type\":\"ListItem\",\"position\":3,\"name\":\"Volume 7\/2010 Hors-piste et randonn\u00e9e\"}]},{\"@type\":\"WebSite\",\"@id\":\"https:\/\/www.snowsports.ch\/fr\/#website\",\"url\":\"https:\/\/www.snowsports.ch\/fr\/\",\"name\":\"Swiss Snowsports\",\"description\":\"\",\"potentialAction\":[{\"@type\":\"SearchAction\",\"target\":{\"@type\":\"EntryPoint\",\"urlTemplate\":\"https:\/\/www.snowsports.ch\/fr\/?s={search_term_string}\"},\"query-input\":{\"@type\":\"PropertyValueSpecification\",\"valueRequired\":true,\"valueName\":\"search_term_string\"}}],\"inLanguage\":\"fr-FR\"}]}<\/script>\n<!-- \/ Yoast SEO plugin. -->","yoast_head_json":{"title":"Volume 7\/2010 Hors-piste et randonn\u00e9e &#8211; Swiss Snowsports","robots":{"index":"index","follow":"follow","max-snippet":"max-snippet:-1","max-image-preview":"max-image-preview:large","max-video-preview":"max-video-preview:-1"},"canonical":"https:\/\/www.snowsports.ch\/fr\/produit\/band-7-2010-varianten-und-touren\/","og_locale":"fr_FR","og_type":"article","og_title":"Volume 7\/2010 Hors-piste et randonn\u00e9e &#8211; Swiss Snowsports","og_description":"Le manuel transmet des connaissances pour des exp\u00e9riences en toute s\u00e9curit\u00e9 en dehors des pistes balis\u00e9es ainsi que des connaissances sur la m\u00e9t\u00e9o, les animaux sauvages, ainsi que les droits et devoirs.","og_url":"https:\/\/www.snowsports.ch\/fr\/produit\/band-7-2010-varianten-und-touren\/","og_site_name":"Swiss Snowsports","article_modified_time":"2026-04-05T15:30:21+00:00","og_image":[{"width":3654,"height":3420,"url":"https:\/\/www.snowsports.ch\/wp-content\/uploads\/2024\/07\/7-3.png","type":"image\/png"}],"twitter_card":"summary_large_image","twitter_misc":{"Dur\u00e9e de lecture estim\u00e9e":"1 minute"},"schema":{"@context":"https:\/\/schema.org","@graph":[{"@type":"WebPage","@id":"https:\/\/www.snowsports.ch\/fr\/produit\/band-7-2010-varianten-und-touren\/","url":"https:\/\/www.snowsports.ch\/fr\/produit\/band-7-2010-varianten-und-touren\/","name":"Volume 7\/2010 Hors-piste et randonn\u00e9e &#8211; Swiss Snowsports","isPartOf":{"@id":"https:\/\/www.snowsports.ch\/fr\/#website"},"primaryImageOfPage":{"@id":"https:\/\/www.snowsports.ch\/fr\/produit\/band-7-2010-varianten-und-touren\/#primaryimage"},"image":{"@id":"https:\/\/www.snowsports.ch\/fr\/produit\/band-7-2010-varianten-und-touren\/#primaryimage"},"thumbnailUrl":"https:\/\/www.snowsports.ch\/wp-content\/uploads\/2024\/07\/7-3.png","datePublished":"2024-05-31T06:11:04+00:00","dateModified":"2026-04-05T15:30:21+00:00","breadcrumb":{"@id":"https:\/\/www.snowsports.ch\/fr\/produit\/band-7-2010-varianten-und-touren\/#breadcrumb"},"inLanguage":"fr-FR","potentialAction":[{"@type":"ReadAction","target":["https:\/\/www.snowsports.ch\/fr\/produit\/band-7-2010-varianten-und-touren\/"]}]},{"@type":"ImageObject","inLanguage":"fr-FR","@id":"https:\/\/www.snowsports.ch\/fr\/produit\/band-7-2010-varianten-und-touren\/#primaryimage","url":"https:\/\/www.snowsports.ch\/wp-content\/uploads\/2024\/07\/7-3.png","contentUrl":"https:\/\/www.snowsports.ch\/wp-content\/uploads\/2024\/07\/7-3.png","width":3654,"height":3420},{"@type":"BreadcrumbList","@id":"https:\/\/www.snowsports.ch\/fr\/produit\/band-7-2010-varianten-und-touren\/#breadcrumb","itemListElement":[{"@type":"ListItem","position":1,"name":"Home","item":"https:\/\/www.snowsports.ch\/fr\/"},{"@type":"ListItem","position":2,"name":"Shop","item":"https:\/\/www.snowsports.ch\/shop\/"},{"@type":"ListItem","position":3,"name":"Volume 7\/2010 Hors-piste et randonn\u00e9e"}]},{"@type":"WebSite","@id":"https:\/\/www.snowsports.ch\/fr\/#website","url":"https:\/\/www.snowsports.ch\/fr\/","name":"Swiss Snowsports","description":"","potentialAction":[{"@type":"SearchAction","target":{"@type":"EntryPoint","urlTemplate":"https:\/\/www.snowsports.ch\/fr\/?s={search_term_string}"},"query-input":{"@type":"PropertyValueSpecification","valueRequired":true,"valueName":"search_term_string"}}],"inLanguage":"fr-FR"}]}},"_links":{"self":[{"href":"https:\/\/www.snowsports.ch\/fr\/wp-json\/wp\/v2\/product\/4794","targetHints":{"allow":["GET"]}}],"collection":[{"href":"https:\/\/www.snowsports.ch\/fr\/wp-json\/wp\/v2\/product"}],"about":[{"href":"https:\/\/www.snowsports.ch\/fr\/wp-json\/wp\/v2\/types\/product"}],"wp:featuredmedia":[{"embeddable":true,"href":"https:\/\/www.snowsports.ch\/fr\/wp-json\/wp\/v2\/media\/5115"}],"wp:attachment":[{"href":"https:\/\/www.snowsports.ch\/fr\/wp-json\/wp\/v2\/media?parent=4794"}],"wp:term":[{"taxonomy":"product_cat","embeddable":true,"href":"https:\/\/www.snowsports.ch\/fr\/wp-json\/wp\/v2\/product_cat?post=4794"},{"taxonomy":"product_tag","embeddable":true,"href":"https:\/\/www.snowsports.ch\/fr\/wp-json\/wp\/v2\/product_tag?post=4794"}],"curies":[{"name":"wp","href":"https:\/\/api.w.org\/{rel}","templated":true}]}}