{"id":4807,"date":"2024-05-31T08:11:04","date_gmt":"2024-05-31T06:11:04","guid":{"rendered":"https:\/\/www.snowsports.ch\/product\/band-6-2010-tourismus-und-recht\/"},"modified":"2025-12-27T09:27:57","modified_gmt":"2025-12-27T08:27:57","slug":"band-6-2010-tourismus-und-recht","status":"publish","type":"product","link":"https:\/\/www.snowsports.ch\/fr\/produit\/band-6-2010-tourismus-und-recht\/","title":{"rendered":"Volume 6\/2010 Tourisme et loi"},"content":{"rendered":"<p>&#8220;Notre manuel est destin\u00e9 \u00e0 toutes celles et tous ceux qui se pr\u00e9parent \u00e0 une carri\u00e8re dans le tourisme ou qui travaillent d\u00e9j\u00e0 dans ce secteur et qui souhaitent approfondir leurs connaissances. Des concepts de base aux applications pratiques, il couvre tous les aspects importants dont tu as besoin pour r\u00e9ussir dans l\u2019environnement touristique. Gr\u00e2ce \u00e0 des explications claires, des exemples concrets et des exercices pratiques, notre manuel t\u2019aide \u00e0 d\u00e9velopper une solide compr\u00e9hension des diff\u00e9rentes facettes du tourisme et \u00e0 \u00e9voluer dans ce domaine passionnant et vari\u00e9.&#8221;<\/p>\n","protected":false},"excerpt":{"rendered":"<p>Le manuel transmets les bases sur le tourisme, l\u2019environnement, le marketing, la communication, la gestion d\u2019\u00e9v\u00e9nements ainsi que sur les droits et les devoirs.<\/p>\n","protected":false},"featured_media":5113,"template":"","meta":{"_acf_changed":false},"product_cat":[190],"product_tag":[],"class_list":{"0":"post-4807","1":"product","2":"type-product","3":"status-publish","4":"has-post-thumbnail","6":"product_cat-manuel","8":"first","9":"instock","10":"sale","11":"taxable","12":"shipping-taxable","13":"purchasable","14":"product-type-variable"},"acf":[],"yoast_head":"<!-- This site is optimized with the Yoast SEO plugin v26.2 - https:\/\/yoast.com\/wordpress\/plugins\/seo\/ -->\n<title>Volume 6\/2010 Tourisme et loi &#8211; Swiss Snowsports<\/title>\n<meta name=\"robots\" content=\"index, follow, max-snippet:-1, max-image-preview:large, max-video-preview:-1\" \/>\n<link rel=\"canonical\" href=\"https:\/\/www.snowsports.ch\/fr\/produit\/band-6-2010-tourismus-und-recht\/\" \/>\n<meta property=\"og:locale\" content=\"fr_FR\" \/>\n<meta property=\"og:type\" content=\"article\" \/>\n<meta property=\"og:title\" content=\"Volume 6\/2010 Tourisme et loi &#8211; Swiss Snowsports\" \/>\n<meta property=\"og:description\" content=\"Le manuel transmets les bases sur le tourisme, l\u2019environnement, le marketing, la communication, la gestion d\u2019\u00e9v\u00e9nements ainsi que sur les droits et les devoirs.\" \/>\n<meta property=\"og:url\" content=\"https:\/\/www.snowsports.ch\/fr\/produit\/band-6-2010-tourismus-und-recht\/\" \/>\n<meta property=\"og:site_name\" content=\"Swiss Snowsports\" \/>\n<meta property=\"article:modified_time\" content=\"2025-12-27T08:27:57+00:00\" \/>\n<meta property=\"og:image\" content=\"https:\/\/www.snowsports.ch\/wp-content\/uploads\/2024\/07\/6-3.png\" \/>\n\t<meta property=\"og:image:width\" content=\"3654\" \/>\n\t<meta property=\"og:image:height\" content=\"3420\" \/>\n\t<meta property=\"og:image:type\" content=\"image\/png\" \/>\n<meta name=\"twitter:card\" content=\"summary_large_image\" \/>\n<script type=\"application\/ld+json\" class=\"yoast-schema-graph\">{\"@context\":\"https:\/\/schema.org\",\"@graph\":[{\"@type\":\"WebPage\",\"@id\":\"https:\/\/www.snowsports.ch\/fr\/produit\/band-6-2010-tourismus-und-recht\/\",\"url\":\"https:\/\/www.snowsports.ch\/fr\/produit\/band-6-2010-tourismus-und-recht\/\",\"name\":\"Volume 6\/2010 Tourisme et loi &#8211; Swiss Snowsports\",\"isPartOf\":{\"@id\":\"https:\/\/www.snowsports.ch\/fr\/#website\"},\"primaryImageOfPage\":{\"@id\":\"https:\/\/www.snowsports.ch\/fr\/produit\/band-6-2010-tourismus-und-recht\/#primaryimage\"},\"image\":{\"@id\":\"https:\/\/www.snowsports.ch\/fr\/produit\/band-6-2010-tourismus-und-recht\/#primaryimage\"},\"thumbnailUrl\":\"https:\/\/www.snowsports.ch\/wp-content\/uploads\/2024\/07\/6-3.png\",\"datePublished\":\"2024-05-31T06:11:04+00:00\",\"dateModified\":\"2025-12-27T08:27:57+00:00\",\"breadcrumb\":{\"@id\":\"https:\/\/www.snowsports.ch\/fr\/produit\/band-6-2010-tourismus-und-recht\/#breadcrumb\"},\"inLanguage\":\"fr-FR\",\"potentialAction\":[{\"@type\":\"ReadAction\",\"target\":[\"https:\/\/www.snowsports.ch\/fr\/produit\/band-6-2010-tourismus-und-recht\/\"]}]},{\"@type\":\"ImageObject\",\"inLanguage\":\"fr-FR\",\"@id\":\"https:\/\/www.snowsports.ch\/fr\/produit\/band-6-2010-tourismus-und-recht\/#primaryimage\",\"url\":\"https:\/\/www.snowsports.ch\/wp-content\/uploads\/2024\/07\/6-3.png\",\"contentUrl\":\"https:\/\/www.snowsports.ch\/wp-content\/uploads\/2024\/07\/6-3.png\",\"width\":3654,\"height\":3420},{\"@type\":\"BreadcrumbList\",\"@id\":\"https:\/\/www.snowsports.ch\/fr\/produit\/band-6-2010-tourismus-und-recht\/#breadcrumb\",\"itemListElement\":[{\"@type\":\"ListItem\",\"position\":1,\"name\":\"Home\",\"item\":\"https:\/\/www.snowsports.ch\/fr\/\"},{\"@type\":\"ListItem\",\"position\":2,\"name\":\"Shop\",\"item\":\"https:\/\/www.snowsports.ch\/shop\/\"},{\"@type\":\"ListItem\",\"position\":3,\"name\":\"Volume 6\/2010 Tourisme et loi\"}]},{\"@type\":\"WebSite\",\"@id\":\"https:\/\/www.snowsports.ch\/fr\/#website\",\"url\":\"https:\/\/www.snowsports.ch\/fr\/\",\"name\":\"Swiss Snowsports\",\"description\":\"\",\"potentialAction\":[{\"@type\":\"SearchAction\",\"target\":{\"@type\":\"EntryPoint\",\"urlTemplate\":\"https:\/\/www.snowsports.ch\/fr\/?s={search_term_string}\"},\"query-input\":{\"@type\":\"PropertyValueSpecification\",\"valueRequired\":true,\"valueName\":\"search_term_string\"}}],\"inLanguage\":\"fr-FR\"}]}<\/script>\n<!-- \/ Yoast SEO plugin. -->","yoast_head_json":{"title":"Volume 6\/2010 Tourisme et loi &#8211; Swiss Snowsports","robots":{"index":"index","follow":"follow","max-snippet":"max-snippet:-1","max-image-preview":"max-image-preview:large","max-video-preview":"max-video-preview:-1"},"canonical":"https:\/\/www.snowsports.ch\/fr\/produit\/band-6-2010-tourismus-und-recht\/","og_locale":"fr_FR","og_type":"article","og_title":"Volume 6\/2010 Tourisme et loi &#8211; Swiss Snowsports","og_description":"Le manuel transmets les bases sur le tourisme, l\u2019environnement, le marketing, la communication, la gestion d\u2019\u00e9v\u00e9nements ainsi que sur les droits et les devoirs.","og_url":"https:\/\/www.snowsports.ch\/fr\/produit\/band-6-2010-tourismus-und-recht\/","og_site_name":"Swiss Snowsports","article_modified_time":"2025-12-27T08:27:57+00:00","og_image":[{"width":3654,"height":3420,"url":"https:\/\/www.snowsports.ch\/wp-content\/uploads\/2024\/07\/6-3.png","type":"image\/png"}],"twitter_card":"summary_large_image","schema":{"@context":"https:\/\/schema.org","@graph":[{"@type":"WebPage","@id":"https:\/\/www.snowsports.ch\/fr\/produit\/band-6-2010-tourismus-und-recht\/","url":"https:\/\/www.snowsports.ch\/fr\/produit\/band-6-2010-tourismus-und-recht\/","name":"Volume 6\/2010 Tourisme et loi &#8211; Swiss Snowsports","isPartOf":{"@id":"https:\/\/www.snowsports.ch\/fr\/#website"},"primaryImageOfPage":{"@id":"https:\/\/www.snowsports.ch\/fr\/produit\/band-6-2010-tourismus-und-recht\/#primaryimage"},"image":{"@id":"https:\/\/www.snowsports.ch\/fr\/produit\/band-6-2010-tourismus-und-recht\/#primaryimage"},"thumbnailUrl":"https:\/\/www.snowsports.ch\/wp-content\/uploads\/2024\/07\/6-3.png","datePublished":"2024-05-31T06:11:04+00:00","dateModified":"2025-12-27T08:27:57+00:00","breadcrumb":{"@id":"https:\/\/www.snowsports.ch\/fr\/produit\/band-6-2010-tourismus-und-recht\/#breadcrumb"},"inLanguage":"fr-FR","potentialAction":[{"@type":"ReadAction","target":["https:\/\/www.snowsports.ch\/fr\/produit\/band-6-2010-tourismus-und-recht\/"]}]},{"@type":"ImageObject","inLanguage":"fr-FR","@id":"https:\/\/www.snowsports.ch\/fr\/produit\/band-6-2010-tourismus-und-recht\/#primaryimage","url":"https:\/\/www.snowsports.ch\/wp-content\/uploads\/2024\/07\/6-3.png","contentUrl":"https:\/\/www.snowsports.ch\/wp-content\/uploads\/2024\/07\/6-3.png","width":3654,"height":3420},{"@type":"BreadcrumbList","@id":"https:\/\/www.snowsports.ch\/fr\/produit\/band-6-2010-tourismus-und-recht\/#breadcrumb","itemListElement":[{"@type":"ListItem","position":1,"name":"Home","item":"https:\/\/www.snowsports.ch\/fr\/"},{"@type":"ListItem","position":2,"name":"Shop","item":"https:\/\/www.snowsports.ch\/shop\/"},{"@type":"ListItem","position":3,"name":"Volume 6\/2010 Tourisme et loi"}]},{"@type":"WebSite","@id":"https:\/\/www.snowsports.ch\/fr\/#website","url":"https:\/\/www.snowsports.ch\/fr\/","name":"Swiss Snowsports","description":"","potentialAction":[{"@type":"SearchAction","target":{"@type":"EntryPoint","urlTemplate":"https:\/\/www.snowsports.ch\/fr\/?s={search_term_string}"},"query-input":{"@type":"PropertyValueSpecification","valueRequired":true,"valueName":"search_term_string"}}],"inLanguage":"fr-FR"}]}},"_links":{"self":[{"href":"https:\/\/www.snowsports.ch\/fr\/wp-json\/wp\/v2\/product\/4807","targetHints":{"allow":["GET"]}}],"collection":[{"href":"https:\/\/www.snowsports.ch\/fr\/wp-json\/wp\/v2\/product"}],"about":[{"href":"https:\/\/www.snowsports.ch\/fr\/wp-json\/wp\/v2\/types\/product"}],"wp:featuredmedia":[{"embeddable":true,"href":"https:\/\/www.snowsports.ch\/fr\/wp-json\/wp\/v2\/media\/5113"}],"wp:attachment":[{"href":"https:\/\/www.snowsports.ch\/fr\/wp-json\/wp\/v2\/media?parent=4807"}],"wp:term":[{"taxonomy":"product_cat","embeddable":true,"href":"https:\/\/www.snowsports.ch\/fr\/wp-json\/wp\/v2\/product_cat?post=4807"},{"taxonomy":"product_tag","embeddable":true,"href":"https:\/\/www.snowsports.ch\/fr\/wp-json\/wp\/v2\/product_tag?post=4807"}],"curies":[{"name":"wp","href":"https:\/\/api.w.org\/{rel}","templated":true}]}}