{"id":4897,"date":"2024-05-29T09:40:33","date_gmt":"2024-05-29T07:40:33","guid":{"rendered":"https:\/\/www.snowsports.ch\/product\/dictionnaire-multilingue\/"},"modified":"2026-02-09T18:47:31","modified_gmt":"2026-02-09T17:47:31","slug":"dictionnaire-multilingue","status":"publish","type":"product","link":"https:\/\/www.snowsports.ch\/fr\/produit\/dictionnaire-multilingue\/","title":{"rendered":"Dictionnaire multilingue"},"content":{"rendered":"<p>Notre manuel unique pour les professeur.e.s de sports de neige compile une diversit\u00e9 in\u00e9gal\u00e9e! Nous avons en effet r\u00e9uni l\u2019allemand, le fran\u00e7ais, l\u2019anglais, l\u2019italien, l\u2019espagnol, le n\u00e9erlandais et le russe en un seul volume. Structur\u00e9 autour des concepts cl\u00e9s des sports de neige, ce manuel multilingue comprend 1600\u00a0mots et phrases courtes du quotidien.<\/p>\n<p>Il s\u2019agit d\u2019une solution efficace et pratique pour les professeur.e.s de sports de neige qui doivent se faire comprendre dans diff\u00e9rentes langues. Que tu sois d\u00e9butant.e ou avanc\u00e9.e, ce livre t\u2019aidera \u00e0 faire passer ton enseignement des sports de neige \u00e0 un niveau sup\u00e9rieur.<br \/>\nAm\u00e9liore ton enseignement et d\u00e9veloppe tes comp\u00e9tences linguistiques d\u00e8s aujourd\u2019hui gr\u00e2ce \u00e0 notre dictionnaire multilingue.<\/p>\n","protected":false},"excerpt":{"rendered":"<p>D\u00e9couvre notre manuel multilingue innovant destin\u00e9 aux professeur.e.s de sports de neige, qui r\u00e9unit sept langues en un seul volume. Avec 1600\u00a0mots et phrases courtes structur\u00e9s selon les concepts cl\u00e9s du manuel, ce livre est un moyen efficace pour promouvoir la diversit\u00e9 linguistique dans l\u2019enseignement des sports de neige.<\/p>\n","protected":false},"featured_media":2729,"template":"","meta":{"_acf_changed":false},"product_cat":[190],"product_tag":[],"class_list":{"0":"post-4897","1":"product","2":"type-product","3":"status-publish","4":"has-post-thumbnail","6":"product_cat-manuel","8":"first","9":"instock","10":"taxable","11":"shipping-taxable","12":"purchasable","13":"product-type-simple"},"acf":[],"yoast_head":"<!-- This site is optimized with the Yoast SEO plugin v26.2 - https:\/\/yoast.com\/wordpress\/plugins\/seo\/ -->\n<title>Dictionnaire multilingue &#8211; Swiss Snowsports<\/title>\n<meta name=\"robots\" content=\"index, follow, max-snippet:-1, max-image-preview:large, max-video-preview:-1\" \/>\n<link rel=\"canonical\" href=\"https:\/\/www.snowsports.ch\/fr\/produit\/dictionnaire-multilingue\/\" \/>\n<meta property=\"og:locale\" content=\"fr_FR\" \/>\n<meta property=\"og:type\" content=\"article\" \/>\n<meta property=\"og:title\" content=\"Dictionnaire multilingue &#8211; Swiss Snowsports\" \/>\n<meta property=\"og:description\" content=\"D\u00e9couvre notre manuel multilingue innovant destin\u00e9 aux professeur.e.s de sports de neige, qui r\u00e9unit sept langues en un seul volume. Avec 1600\u00a0mots et phrases courtes structur\u00e9s selon les concepts cl\u00e9s du manuel, ce livre est un moyen efficace pour promouvoir la diversit\u00e9 linguistique dans l\u2019enseignement des sports de neige.\" \/>\n<meta property=\"og:url\" content=\"https:\/\/www.snowsports.ch\/fr\/produit\/dictionnaire-multilingue\/\" \/>\n<meta property=\"og:site_name\" content=\"Swiss Snowsports\" \/>\n<meta property=\"article:modified_time\" content=\"2026-02-09T17:47:31+00:00\" \/>\n<meta property=\"og:image\" content=\"https:\/\/www.snowsports.ch\/wp-content\/uploads\/2024\/05\/Multi-Dictionary-scaled.jpg\" \/>\n\t<meta property=\"og:image:width\" content=\"1807\" \/>\n\t<meta property=\"og:image:height\" content=\"2560\" \/>\n\t<meta property=\"og:image:type\" content=\"image\/jpeg\" \/>\n<meta name=\"twitter:card\" content=\"summary_large_image\" \/>\n<meta name=\"twitter:label1\" content=\"Dur\u00e9e de lecture estim\u00e9e\" \/>\n\t<meta name=\"twitter:data1\" content=\"1 minute\" \/>\n<script type=\"application\/ld+json\" class=\"yoast-schema-graph\">{\"@context\":\"https:\/\/schema.org\",\"@graph\":[{\"@type\":\"WebPage\",\"@id\":\"https:\/\/www.snowsports.ch\/fr\/produit\/dictionnaire-multilingue\/\",\"url\":\"https:\/\/www.snowsports.ch\/fr\/produit\/dictionnaire-multilingue\/\",\"name\":\"Dictionnaire multilingue &#8211; Swiss Snowsports\",\"isPartOf\":{\"@id\":\"https:\/\/www.snowsports.ch\/fr\/#website\"},\"primaryImageOfPage\":{\"@id\":\"https:\/\/www.snowsports.ch\/fr\/produit\/dictionnaire-multilingue\/#primaryimage\"},\"image\":{\"@id\":\"https:\/\/www.snowsports.ch\/fr\/produit\/dictionnaire-multilingue\/#primaryimage\"},\"thumbnailUrl\":\"https:\/\/www.snowsports.ch\/wp-content\/uploads\/2024\/05\/Multi-Dictionary-scaled.jpg\",\"datePublished\":\"2024-05-29T07:40:33+00:00\",\"dateModified\":\"2026-02-09T17:47:31+00:00\",\"breadcrumb\":{\"@id\":\"https:\/\/www.snowsports.ch\/fr\/produit\/dictionnaire-multilingue\/#breadcrumb\"},\"inLanguage\":\"fr-FR\",\"potentialAction\":[{\"@type\":\"ReadAction\",\"target\":[\"https:\/\/www.snowsports.ch\/fr\/produit\/dictionnaire-multilingue\/\"]}]},{\"@type\":\"ImageObject\",\"inLanguage\":\"fr-FR\",\"@id\":\"https:\/\/www.snowsports.ch\/fr\/produit\/dictionnaire-multilingue\/#primaryimage\",\"url\":\"https:\/\/www.snowsports.ch\/wp-content\/uploads\/2024\/05\/Multi-Dictionary-scaled.jpg\",\"contentUrl\":\"https:\/\/www.snowsports.ch\/wp-content\/uploads\/2024\/05\/Multi-Dictionary-scaled.jpg\",\"width\":1807,\"height\":2560},{\"@type\":\"BreadcrumbList\",\"@id\":\"https:\/\/www.snowsports.ch\/fr\/produit\/dictionnaire-multilingue\/#breadcrumb\",\"itemListElement\":[{\"@type\":\"ListItem\",\"position\":1,\"name\":\"Home\",\"item\":\"https:\/\/www.snowsports.ch\/fr\/\"},{\"@type\":\"ListItem\",\"position\":2,\"name\":\"Shop\",\"item\":\"https:\/\/www.snowsports.ch\/shop\/\"},{\"@type\":\"ListItem\",\"position\":3,\"name\":\"Dictionnaire multilingue\"}]},{\"@type\":\"WebSite\",\"@id\":\"https:\/\/www.snowsports.ch\/fr\/#website\",\"url\":\"https:\/\/www.snowsports.ch\/fr\/\",\"name\":\"Swiss Snowsports\",\"description\":\"\",\"potentialAction\":[{\"@type\":\"SearchAction\",\"target\":{\"@type\":\"EntryPoint\",\"urlTemplate\":\"https:\/\/www.snowsports.ch\/fr\/?s={search_term_string}\"},\"query-input\":{\"@type\":\"PropertyValueSpecification\",\"valueRequired\":true,\"valueName\":\"search_term_string\"}}],\"inLanguage\":\"fr-FR\"}]}<\/script>\n<!-- \/ Yoast SEO plugin. -->","yoast_head_json":{"title":"Dictionnaire multilingue &#8211; Swiss Snowsports","robots":{"index":"index","follow":"follow","max-snippet":"max-snippet:-1","max-image-preview":"max-image-preview:large","max-video-preview":"max-video-preview:-1"},"canonical":"https:\/\/www.snowsports.ch\/fr\/produit\/dictionnaire-multilingue\/","og_locale":"fr_FR","og_type":"article","og_title":"Dictionnaire multilingue &#8211; Swiss Snowsports","og_description":"D\u00e9couvre notre manuel multilingue innovant destin\u00e9 aux professeur.e.s de sports de neige, qui r\u00e9unit sept langues en un seul volume. Avec 1600\u00a0mots et phrases courtes structur\u00e9s selon les concepts cl\u00e9s du manuel, ce livre est un moyen efficace pour promouvoir la diversit\u00e9 linguistique dans l\u2019enseignement des sports de neige.","og_url":"https:\/\/www.snowsports.ch\/fr\/produit\/dictionnaire-multilingue\/","og_site_name":"Swiss Snowsports","article_modified_time":"2026-02-09T17:47:31+00:00","og_image":[{"width":1807,"height":2560,"url":"https:\/\/www.snowsports.ch\/wp-content\/uploads\/2024\/05\/Multi-Dictionary-scaled.jpg","type":"image\/jpeg"}],"twitter_card":"summary_large_image","twitter_misc":{"Dur\u00e9e de lecture estim\u00e9e":"1 minute"},"schema":{"@context":"https:\/\/schema.org","@graph":[{"@type":"WebPage","@id":"https:\/\/www.snowsports.ch\/fr\/produit\/dictionnaire-multilingue\/","url":"https:\/\/www.snowsports.ch\/fr\/produit\/dictionnaire-multilingue\/","name":"Dictionnaire multilingue &#8211; Swiss Snowsports","isPartOf":{"@id":"https:\/\/www.snowsports.ch\/fr\/#website"},"primaryImageOfPage":{"@id":"https:\/\/www.snowsports.ch\/fr\/produit\/dictionnaire-multilingue\/#primaryimage"},"image":{"@id":"https:\/\/www.snowsports.ch\/fr\/produit\/dictionnaire-multilingue\/#primaryimage"},"thumbnailUrl":"https:\/\/www.snowsports.ch\/wp-content\/uploads\/2024\/05\/Multi-Dictionary-scaled.jpg","datePublished":"2024-05-29T07:40:33+00:00","dateModified":"2026-02-09T17:47:31+00:00","breadcrumb":{"@id":"https:\/\/www.snowsports.ch\/fr\/produit\/dictionnaire-multilingue\/#breadcrumb"},"inLanguage":"fr-FR","potentialAction":[{"@type":"ReadAction","target":["https:\/\/www.snowsports.ch\/fr\/produit\/dictionnaire-multilingue\/"]}]},{"@type":"ImageObject","inLanguage":"fr-FR","@id":"https:\/\/www.snowsports.ch\/fr\/produit\/dictionnaire-multilingue\/#primaryimage","url":"https:\/\/www.snowsports.ch\/wp-content\/uploads\/2024\/05\/Multi-Dictionary-scaled.jpg","contentUrl":"https:\/\/www.snowsports.ch\/wp-content\/uploads\/2024\/05\/Multi-Dictionary-scaled.jpg","width":1807,"height":2560},{"@type":"BreadcrumbList","@id":"https:\/\/www.snowsports.ch\/fr\/produit\/dictionnaire-multilingue\/#breadcrumb","itemListElement":[{"@type":"ListItem","position":1,"name":"Home","item":"https:\/\/www.snowsports.ch\/fr\/"},{"@type":"ListItem","position":2,"name":"Shop","item":"https:\/\/www.snowsports.ch\/shop\/"},{"@type":"ListItem","position":3,"name":"Dictionnaire multilingue"}]},{"@type":"WebSite","@id":"https:\/\/www.snowsports.ch\/fr\/#website","url":"https:\/\/www.snowsports.ch\/fr\/","name":"Swiss Snowsports","description":"","potentialAction":[{"@type":"SearchAction","target":{"@type":"EntryPoint","urlTemplate":"https:\/\/www.snowsports.ch\/fr\/?s={search_term_string}"},"query-input":{"@type":"PropertyValueSpecification","valueRequired":true,"valueName":"search_term_string"}}],"inLanguage":"fr-FR"}]}},"_links":{"self":[{"href":"https:\/\/www.snowsports.ch\/fr\/wp-json\/wp\/v2\/product\/4897","targetHints":{"allow":["GET"]}}],"collection":[{"href":"https:\/\/www.snowsports.ch\/fr\/wp-json\/wp\/v2\/product"}],"about":[{"href":"https:\/\/www.snowsports.ch\/fr\/wp-json\/wp\/v2\/types\/product"}],"wp:featuredmedia":[{"embeddable":true,"href":"https:\/\/www.snowsports.ch\/fr\/wp-json\/wp\/v2\/media\/2729"}],"wp:attachment":[{"href":"https:\/\/www.snowsports.ch\/fr\/wp-json\/wp\/v2\/media?parent=4897"}],"wp:term":[{"taxonomy":"product_cat","embeddable":true,"href":"https:\/\/www.snowsports.ch\/fr\/wp-json\/wp\/v2\/product_cat?post=4897"},{"taxonomy":"product_tag","embeddable":true,"href":"https:\/\/www.snowsports.ch\/fr\/wp-json\/wp\/v2\/product_tag?post=4897"}],"curies":[{"name":"wp","href":"https:\/\/api.w.org\/{rel}","templated":true}]}}