{"id":4920,"date":"2024-05-31T08:11:04","date_gmt":"2024-05-31T06:11:04","guid":{"rendered":"https:\/\/www.snowsports.ch\/product\/best-practice-nordic\/"},"modified":"2026-02-09T18:47:32","modified_gmt":"2026-02-09T17:47:32","slug":"best-practice-nordic","status":"publish","type":"product","link":"https:\/\/www.snowsports.ch\/fr\/produit\/best-practice-nordic\/","title":{"rendered":"Best Practice: Nordic"},"content":{"rendered":"<p>Le manuel Best Practice Nordic se concentre sur le premier domaine cl\u00e9, Foundation, et pose les bases du d\u00e9veloppement sportif en ski de fond. Il offre une collection compl\u00e8te d\u2019exercices qui aide les enseignant.e.s \u00e0 transmettre une base solide de la technique de mouvement par le biais d\u2019exercices simples.<\/p>\n<p>Que tu sois d\u00e9butant.e ou exp\u00e9riment\u00e9.e en ski de fond, le manuel Best Practice Nordic t\u2019aidera \u00e0 acqu\u00e9rir une base solide en ski de fond. Commence d\u00e8s maintenant et d\u00e9couvre les nombreux exercices et conseils qui t\u2019aideront \u00e0 faire passer tes comp\u00e9tences de fondeur.se au niveau sup\u00e9rieur! Pour chaque chapitre, tu trouveras des vid\u00e9os sur les diff\u00e9rents exercices via un code\u00a0QR.<\/p>\n","protected":false},"excerpt":{"rendered":"<p>Le manuel illustr\u00e9 contient des exercices et id\u00e9es cibl\u00e9s pour l\u2019enseignement du ski de fond aux enfants.<\/p>\n","protected":false},"featured_media":5046,"template":"","meta":{"_acf_changed":false},"product_cat":[190],"product_tag":[],"class_list":{"0":"post-4920","1":"product","2":"type-product","3":"status-publish","4":"has-post-thumbnail","6":"product_cat-manuel","8":"first","9":"instock","10":"taxable","11":"shipping-taxable","12":"purchasable","13":"product-type-variable"},"acf":[],"yoast_head":"<!-- This site is optimized with the Yoast SEO plugin v26.2 - https:\/\/yoast.com\/wordpress\/plugins\/seo\/ -->\n<title>Best Practice: Nordic &#8211; Swiss Snowsports<\/title>\n<meta name=\"robots\" content=\"index, follow, max-snippet:-1, max-image-preview:large, max-video-preview:-1\" \/>\n<link rel=\"canonical\" href=\"https:\/\/www.snowsports.ch\/fr\/produit\/best-practice-nordic\/\" \/>\n<meta property=\"og:locale\" content=\"fr_FR\" \/>\n<meta property=\"og:type\" content=\"article\" \/>\n<meta property=\"og:title\" content=\"Best Practice: Nordic &#8211; Swiss Snowsports\" \/>\n<meta property=\"og:description\" content=\"Le manuel illustr\u00e9 contient des exercices et id\u00e9es cibl\u00e9s pour l\u2019enseignement du ski de fond aux enfants.\" \/>\n<meta property=\"og:url\" content=\"https:\/\/www.snowsports.ch\/fr\/produit\/best-practice-nordic\/\" \/>\n<meta property=\"og:site_name\" content=\"Swiss Snowsports\" \/>\n<meta property=\"article:modified_time\" content=\"2026-02-09T17:47:32+00:00\" \/>\n<meta name=\"twitter:card\" content=\"summary_large_image\" \/>\n<meta name=\"twitter:label1\" content=\"Dur\u00e9e de lecture estim\u00e9e\" \/>\n\t<meta name=\"twitter:data1\" content=\"1 minute\" \/>\n<script type=\"application\/ld+json\" class=\"yoast-schema-graph\">{\"@context\":\"https:\/\/schema.org\",\"@graph\":[{\"@type\":\"WebPage\",\"@id\":\"https:\/\/www.snowsports.ch\/fr\/produit\/best-practice-nordic\/\",\"url\":\"https:\/\/www.snowsports.ch\/fr\/produit\/best-practice-nordic\/\",\"name\":\"Best Practice: Nordic &#8211; Swiss Snowsports\",\"isPartOf\":{\"@id\":\"https:\/\/www.snowsports.ch\/fr\/#website\"},\"primaryImageOfPage\":{\"@id\":\"https:\/\/www.snowsports.ch\/fr\/produit\/best-practice-nordic\/#primaryimage\"},\"image\":{\"@id\":\"https:\/\/www.snowsports.ch\/fr\/produit\/best-practice-nordic\/#primaryimage\"},\"thumbnailUrl\":\"https:\/\/www.snowsports.ch\/wp-content\/uploads\/2024\/05\/BPN.png\",\"datePublished\":\"2024-05-31T06:11:04+00:00\",\"dateModified\":\"2026-02-09T17:47:32+00:00\",\"breadcrumb\":{\"@id\":\"https:\/\/www.snowsports.ch\/fr\/produit\/best-practice-nordic\/#breadcrumb\"},\"inLanguage\":\"fr-FR\",\"potentialAction\":[{\"@type\":\"ReadAction\",\"target\":[\"https:\/\/www.snowsports.ch\/fr\/produit\/best-practice-nordic\/\"]}]},{\"@type\":\"ImageObject\",\"inLanguage\":\"fr-FR\",\"@id\":\"https:\/\/www.snowsports.ch\/fr\/produit\/best-practice-nordic\/#primaryimage\",\"url\":\"https:\/\/www.snowsports.ch\/wp-content\/uploads\/2024\/05\/BPN.png\",\"contentUrl\":\"https:\/\/www.snowsports.ch\/wp-content\/uploads\/2024\/05\/BPN.png\",\"width\":1944,\"height\":1899},{\"@type\":\"BreadcrumbList\",\"@id\":\"https:\/\/www.snowsports.ch\/fr\/produit\/best-practice-nordic\/#breadcrumb\",\"itemListElement\":[{\"@type\":\"ListItem\",\"position\":1,\"name\":\"Home\",\"item\":\"https:\/\/www.snowsports.ch\/fr\/\"},{\"@type\":\"ListItem\",\"position\":2,\"name\":\"Shop\",\"item\":\"https:\/\/www.snowsports.ch\/shop\/\"},{\"@type\":\"ListItem\",\"position\":3,\"name\":\"Best Practice: Nordic\"}]},{\"@type\":\"WebSite\",\"@id\":\"https:\/\/www.snowsports.ch\/fr\/#website\",\"url\":\"https:\/\/www.snowsports.ch\/fr\/\",\"name\":\"Swiss Snowsports\",\"description\":\"\",\"potentialAction\":[{\"@type\":\"SearchAction\",\"target\":{\"@type\":\"EntryPoint\",\"urlTemplate\":\"https:\/\/www.snowsports.ch\/fr\/?s={search_term_string}\"},\"query-input\":{\"@type\":\"PropertyValueSpecification\",\"valueRequired\":true,\"valueName\":\"search_term_string\"}}],\"inLanguage\":\"fr-FR\"}]}<\/script>\n<!-- \/ Yoast SEO plugin. -->","yoast_head_json":{"title":"Best Practice: Nordic &#8211; Swiss Snowsports","robots":{"index":"index","follow":"follow","max-snippet":"max-snippet:-1","max-image-preview":"max-image-preview:large","max-video-preview":"max-video-preview:-1"},"canonical":"https:\/\/www.snowsports.ch\/fr\/produit\/best-practice-nordic\/","og_locale":"fr_FR","og_type":"article","og_title":"Best Practice: Nordic &#8211; Swiss Snowsports","og_description":"Le manuel illustr\u00e9 contient des exercices et id\u00e9es cibl\u00e9s pour l\u2019enseignement du ski de fond aux enfants.","og_url":"https:\/\/www.snowsports.ch\/fr\/produit\/best-practice-nordic\/","og_site_name":"Swiss Snowsports","article_modified_time":"2026-02-09T17:47:32+00:00","twitter_card":"summary_large_image","twitter_misc":{"Dur\u00e9e de lecture estim\u00e9e":"1 minute"},"schema":{"@context":"https:\/\/schema.org","@graph":[{"@type":"WebPage","@id":"https:\/\/www.snowsports.ch\/fr\/produit\/best-practice-nordic\/","url":"https:\/\/www.snowsports.ch\/fr\/produit\/best-practice-nordic\/","name":"Best Practice: Nordic &#8211; Swiss Snowsports","isPartOf":{"@id":"https:\/\/www.snowsports.ch\/fr\/#website"},"primaryImageOfPage":{"@id":"https:\/\/www.snowsports.ch\/fr\/produit\/best-practice-nordic\/#primaryimage"},"image":{"@id":"https:\/\/www.snowsports.ch\/fr\/produit\/best-practice-nordic\/#primaryimage"},"thumbnailUrl":"https:\/\/www.snowsports.ch\/wp-content\/uploads\/2024\/05\/BPN.png","datePublished":"2024-05-31T06:11:04+00:00","dateModified":"2026-02-09T17:47:32+00:00","breadcrumb":{"@id":"https:\/\/www.snowsports.ch\/fr\/produit\/best-practice-nordic\/#breadcrumb"},"inLanguage":"fr-FR","potentialAction":[{"@type":"ReadAction","target":["https:\/\/www.snowsports.ch\/fr\/produit\/best-practice-nordic\/"]}]},{"@type":"ImageObject","inLanguage":"fr-FR","@id":"https:\/\/www.snowsports.ch\/fr\/produit\/best-practice-nordic\/#primaryimage","url":"https:\/\/www.snowsports.ch\/wp-content\/uploads\/2024\/05\/BPN.png","contentUrl":"https:\/\/www.snowsports.ch\/wp-content\/uploads\/2024\/05\/BPN.png","width":1944,"height":1899},{"@type":"BreadcrumbList","@id":"https:\/\/www.snowsports.ch\/fr\/produit\/best-practice-nordic\/#breadcrumb","itemListElement":[{"@type":"ListItem","position":1,"name":"Home","item":"https:\/\/www.snowsports.ch\/fr\/"},{"@type":"ListItem","position":2,"name":"Shop","item":"https:\/\/www.snowsports.ch\/shop\/"},{"@type":"ListItem","position":3,"name":"Best Practice: Nordic"}]},{"@type":"WebSite","@id":"https:\/\/www.snowsports.ch\/fr\/#website","url":"https:\/\/www.snowsports.ch\/fr\/","name":"Swiss Snowsports","description":"","potentialAction":[{"@type":"SearchAction","target":{"@type":"EntryPoint","urlTemplate":"https:\/\/www.snowsports.ch\/fr\/?s={search_term_string}"},"query-input":{"@type":"PropertyValueSpecification","valueRequired":true,"valueName":"search_term_string"}}],"inLanguage":"fr-FR"}]}},"_links":{"self":[{"href":"https:\/\/www.snowsports.ch\/fr\/wp-json\/wp\/v2\/product\/4920","targetHints":{"allow":["GET"]}}],"collection":[{"href":"https:\/\/www.snowsports.ch\/fr\/wp-json\/wp\/v2\/product"}],"about":[{"href":"https:\/\/www.snowsports.ch\/fr\/wp-json\/wp\/v2\/types\/product"}],"wp:featuredmedia":[{"embeddable":true,"href":"https:\/\/www.snowsports.ch\/fr\/wp-json\/wp\/v2\/media\/5046"}],"wp:attachment":[{"href":"https:\/\/www.snowsports.ch\/fr\/wp-json\/wp\/v2\/media?parent=4920"}],"wp:term":[{"taxonomy":"product_cat","embeddable":true,"href":"https:\/\/www.snowsports.ch\/fr\/wp-json\/wp\/v2\/product_cat?post=4920"},{"taxonomy":"product_tag","embeddable":true,"href":"https:\/\/www.snowsports.ch\/fr\/wp-json\/wp\/v2\/product_tag?post=4920"}],"curies":[{"name":"wp","href":"https:\/\/api.w.org\/{rel}","templated":true}]}}