{"id":4932,"date":"2024-05-31T08:11:04","date_gmt":"2024-05-31T06:11:04","guid":{"rendered":"https:\/\/www.snowsports.ch\/product\/best-practice-idees-pour-lenseignement-du-ski-2\/"},"modified":"2026-04-07T17:17:08","modified_gmt":"2026-04-07T15:17:08","slug":"best-practice-idees-pour-lenseignement-du-ski-2","status":"publish","type":"product","link":"https:\/\/www.snowsports.ch\/fr\/produit\/best-practice-idees-pour-lenseignement-du-ski-2\/","title":{"rendered":"Best Practice: Id\u00e9es pour l\u2019enseignement du ski"},"content":{"rendered":"<p>Le manuel contient des exercices cibl\u00e9s sur les formes\/t\u00e2ches des niveaux de la Swiss Snow League et de la Swiss Snow Academy.<\/p>\n<p>L\u2019objectif est d\u2019initier les client.e.s et les athl\u00e8tes \u00e0 l\u2019apprentissage des sports de neige selon leur \u00e2ge, en toute s\u00e9curit\u00e9 et avec plaisir. L\u2019enseignement et l\u2019entra\u00eenement sont en permanence adapt\u00e9s aux derni\u00e8res \u00e9volutions.<\/p>\n<p>Les t\u00e2ches de mouvement servent d\u2019inspiration. La cr\u00e9ativit\u00e9 personnelle de l\u2019enseignant.e et le d\u00e9veloppement de ses propres id\u00e9es au service de l\u2019apprentissage individuel des client.e.s et des athl\u00e8tes restent irrempla\u00e7ables et d\u2019une valeur inestimable.<\/p>\n","protected":false},"excerpt":{"rendered":"<p>Ce recueil d\u2019id\u00e9es pour l\u2019enseignement du ski compile des connaissances vastes et approfondies ainsi que des suggestions pratiques pour les d\u00e9butant.e.s et sert d\u2019ouvrage de r\u00e9f\u00e9rence aux professeur.e.s de sports de neige exp\u00e9riment\u00e9.e.s avec de nombreuses suggestions pour aller encore plus loin.<\/p>\n","protected":false},"featured_media":5044,"template":"","meta":{"_acf_changed":false},"product_cat":[190],"product_tag":[],"class_list":{"0":"post-4932","1":"product","2":"type-product","3":"status-publish","4":"has-post-thumbnail","6":"product_cat-manuel","8":"first","9":"instock","10":"taxable","11":"shipping-taxable","12":"purchasable","13":"product-type-variable"},"acf":[],"yoast_head":"<!-- This site is optimized with the Yoast SEO plugin v26.2 - https:\/\/yoast.com\/wordpress\/plugins\/seo\/ -->\n<title>Best Practice: Id\u00e9es pour l\u2019enseignement du ski &#8211; Swiss Snowsports<\/title>\n<meta name=\"robots\" content=\"index, follow, max-snippet:-1, max-image-preview:large, max-video-preview:-1\" \/>\n<link rel=\"canonical\" href=\"https:\/\/www.snowsports.ch\/fr\/produit\/best-practice-idees-pour-lenseignement-du-ski-2\/\" \/>\n<meta property=\"og:locale\" content=\"fr_FR\" \/>\n<meta property=\"og:type\" content=\"article\" \/>\n<meta property=\"og:title\" content=\"Best Practice: Id\u00e9es pour l\u2019enseignement du ski &#8211; Swiss Snowsports\" \/>\n<meta property=\"og:description\" content=\"Ce recueil d\u2019id\u00e9es pour l\u2019enseignement du ski compile des connaissances vastes et approfondies ainsi que des suggestions pratiques pour les d\u00e9butant.e.s et sert d\u2019ouvrage de r\u00e9f\u00e9rence aux professeur.e.s de sports de neige exp\u00e9riment\u00e9.e.s avec de nombreuses suggestions pour aller encore plus loin.\" \/>\n<meta property=\"og:url\" content=\"https:\/\/www.snowsports.ch\/fr\/produit\/best-practice-idees-pour-lenseignement-du-ski-2\/\" \/>\n<meta property=\"og:site_name\" content=\"Swiss Snowsports\" \/>\n<meta property=\"article:modified_time\" content=\"2026-04-07T15:17:08+00:00\" \/>\n<meta property=\"og:image\" content=\"https:\/\/www.snowsports.ch\/wp-content\/uploads\/2024\/05\/Best-Practice-Ski-1024x1000.png\" \/>\n\t<meta property=\"og:image:width\" content=\"1024\" \/>\n\t<meta property=\"og:image:height\" content=\"1000\" \/>\n\t<meta property=\"og:image:type\" content=\"image\/png\" \/>\n<meta name=\"twitter:card\" content=\"summary_large_image\" \/>\n<meta name=\"twitter:label1\" content=\"Dur\u00e9e de lecture estim\u00e9e\" \/>\n\t<meta name=\"twitter:data1\" content=\"1 minute\" \/>\n<script type=\"application\/ld+json\" class=\"yoast-schema-graph\">{\"@context\":\"https:\/\/schema.org\",\"@graph\":[{\"@type\":\"WebPage\",\"@id\":\"https:\/\/www.snowsports.ch\/fr\/produit\/best-practice-idees-pour-lenseignement-du-ski-2\/\",\"url\":\"https:\/\/www.snowsports.ch\/fr\/produit\/best-practice-idees-pour-lenseignement-du-ski-2\/\",\"name\":\"Best Practice: Id\u00e9es pour l\u2019enseignement du ski &#8211; Swiss Snowsports\",\"isPartOf\":{\"@id\":\"https:\/\/www.snowsports.ch\/fr\/#website\"},\"primaryImageOfPage\":{\"@id\":\"https:\/\/www.snowsports.ch\/fr\/produit\/best-practice-idees-pour-lenseignement-du-ski-2\/#primaryimage\"},\"image\":{\"@id\":\"https:\/\/www.snowsports.ch\/fr\/produit\/best-practice-idees-pour-lenseignement-du-ski-2\/#primaryimage\"},\"thumbnailUrl\":\"https:\/\/www.snowsports.ch\/wp-content\/uploads\/2024\/05\/Best-Practice-Ski.png\",\"datePublished\":\"2024-05-31T06:11:04+00:00\",\"dateModified\":\"2026-04-07T15:17:08+00:00\",\"breadcrumb\":{\"@id\":\"https:\/\/www.snowsports.ch\/fr\/produit\/best-practice-idees-pour-lenseignement-du-ski-2\/#breadcrumb\"},\"inLanguage\":\"fr-FR\",\"potentialAction\":[{\"@type\":\"ReadAction\",\"target\":[\"https:\/\/www.snowsports.ch\/fr\/produit\/best-practice-idees-pour-lenseignement-du-ski-2\/\"]}]},{\"@type\":\"ImageObject\",\"inLanguage\":\"fr-FR\",\"@id\":\"https:\/\/www.snowsports.ch\/fr\/produit\/best-practice-idees-pour-lenseignement-du-ski-2\/#primaryimage\",\"url\":\"https:\/\/www.snowsports.ch\/wp-content\/uploads\/2024\/05\/Best-Practice-Ski.png\",\"contentUrl\":\"https:\/\/www.snowsports.ch\/wp-content\/uploads\/2024\/05\/Best-Practice-Ski.png\",\"width\":1944,\"height\":1899},{\"@type\":\"BreadcrumbList\",\"@id\":\"https:\/\/www.snowsports.ch\/fr\/produit\/best-practice-idees-pour-lenseignement-du-ski-2\/#breadcrumb\",\"itemListElement\":[{\"@type\":\"ListItem\",\"position\":1,\"name\":\"Home\",\"item\":\"https:\/\/www.snowsports.ch\/fr\/\"},{\"@type\":\"ListItem\",\"position\":2,\"name\":\"Shop\",\"item\":\"https:\/\/www.snowsports.ch\/shop\/\"},{\"@type\":\"ListItem\",\"position\":3,\"name\":\"Best Practice: Id\u00e9es pour l\u2019enseignement du ski\"}]},{\"@type\":\"WebSite\",\"@id\":\"https:\/\/www.snowsports.ch\/fr\/#website\",\"url\":\"https:\/\/www.snowsports.ch\/fr\/\",\"name\":\"Swiss Snowsports\",\"description\":\"\",\"potentialAction\":[{\"@type\":\"SearchAction\",\"target\":{\"@type\":\"EntryPoint\",\"urlTemplate\":\"https:\/\/www.snowsports.ch\/fr\/?s={search_term_string}\"},\"query-input\":{\"@type\":\"PropertyValueSpecification\",\"valueRequired\":true,\"valueName\":\"search_term_string\"}}],\"inLanguage\":\"fr-FR\"}]}<\/script>\n<!-- \/ Yoast SEO plugin. -->","yoast_head_json":{"title":"Best Practice: Id\u00e9es pour l\u2019enseignement du ski &#8211; Swiss Snowsports","robots":{"index":"index","follow":"follow","max-snippet":"max-snippet:-1","max-image-preview":"max-image-preview:large","max-video-preview":"max-video-preview:-1"},"canonical":"https:\/\/www.snowsports.ch\/fr\/produit\/best-practice-idees-pour-lenseignement-du-ski-2\/","og_locale":"fr_FR","og_type":"article","og_title":"Best Practice: Id\u00e9es pour l\u2019enseignement du ski &#8211; Swiss Snowsports","og_description":"Ce recueil d\u2019id\u00e9es pour l\u2019enseignement du ski compile des connaissances vastes et approfondies ainsi que des suggestions pratiques pour les d\u00e9butant.e.s et sert d\u2019ouvrage de r\u00e9f\u00e9rence aux professeur.e.s de sports de neige exp\u00e9riment\u00e9.e.s avec de nombreuses suggestions pour aller encore plus loin.","og_url":"https:\/\/www.snowsports.ch\/fr\/produit\/best-practice-idees-pour-lenseignement-du-ski-2\/","og_site_name":"Swiss Snowsports","article_modified_time":"2026-04-07T15:17:08+00:00","og_image":[{"width":1024,"height":1000,"url":"https:\/\/www.snowsports.ch\/wp-content\/uploads\/2024\/05\/Best-Practice-Ski-1024x1000.png","type":"image\/png"}],"twitter_card":"summary_large_image","twitter_misc":{"Dur\u00e9e de lecture estim\u00e9e":"1 minute"},"schema":{"@context":"https:\/\/schema.org","@graph":[{"@type":"WebPage","@id":"https:\/\/www.snowsports.ch\/fr\/produit\/best-practice-idees-pour-lenseignement-du-ski-2\/","url":"https:\/\/www.snowsports.ch\/fr\/produit\/best-practice-idees-pour-lenseignement-du-ski-2\/","name":"Best Practice: Id\u00e9es pour l\u2019enseignement du ski &#8211; Swiss Snowsports","isPartOf":{"@id":"https:\/\/www.snowsports.ch\/fr\/#website"},"primaryImageOfPage":{"@id":"https:\/\/www.snowsports.ch\/fr\/produit\/best-practice-idees-pour-lenseignement-du-ski-2\/#primaryimage"},"image":{"@id":"https:\/\/www.snowsports.ch\/fr\/produit\/best-practice-idees-pour-lenseignement-du-ski-2\/#primaryimage"},"thumbnailUrl":"https:\/\/www.snowsports.ch\/wp-content\/uploads\/2024\/05\/Best-Practice-Ski.png","datePublished":"2024-05-31T06:11:04+00:00","dateModified":"2026-04-07T15:17:08+00:00","breadcrumb":{"@id":"https:\/\/www.snowsports.ch\/fr\/produit\/best-practice-idees-pour-lenseignement-du-ski-2\/#breadcrumb"},"inLanguage":"fr-FR","potentialAction":[{"@type":"ReadAction","target":["https:\/\/www.snowsports.ch\/fr\/produit\/best-practice-idees-pour-lenseignement-du-ski-2\/"]}]},{"@type":"ImageObject","inLanguage":"fr-FR","@id":"https:\/\/www.snowsports.ch\/fr\/produit\/best-practice-idees-pour-lenseignement-du-ski-2\/#primaryimage","url":"https:\/\/www.snowsports.ch\/wp-content\/uploads\/2024\/05\/Best-Practice-Ski.png","contentUrl":"https:\/\/www.snowsports.ch\/wp-content\/uploads\/2024\/05\/Best-Practice-Ski.png","width":1944,"height":1899},{"@type":"BreadcrumbList","@id":"https:\/\/www.snowsports.ch\/fr\/produit\/best-practice-idees-pour-lenseignement-du-ski-2\/#breadcrumb","itemListElement":[{"@type":"ListItem","position":1,"name":"Home","item":"https:\/\/www.snowsports.ch\/fr\/"},{"@type":"ListItem","position":2,"name":"Shop","item":"https:\/\/www.snowsports.ch\/shop\/"},{"@type":"ListItem","position":3,"name":"Best Practice: Id\u00e9es pour l\u2019enseignement du ski"}]},{"@type":"WebSite","@id":"https:\/\/www.snowsports.ch\/fr\/#website","url":"https:\/\/www.snowsports.ch\/fr\/","name":"Swiss Snowsports","description":"","potentialAction":[{"@type":"SearchAction","target":{"@type":"EntryPoint","urlTemplate":"https:\/\/www.snowsports.ch\/fr\/?s={search_term_string}"},"query-input":{"@type":"PropertyValueSpecification","valueRequired":true,"valueName":"search_term_string"}}],"inLanguage":"fr-FR"}]}},"_links":{"self":[{"href":"https:\/\/www.snowsports.ch\/fr\/wp-json\/wp\/v2\/product\/4932","targetHints":{"allow":["GET"]}}],"collection":[{"href":"https:\/\/www.snowsports.ch\/fr\/wp-json\/wp\/v2\/product"}],"about":[{"href":"https:\/\/www.snowsports.ch\/fr\/wp-json\/wp\/v2\/types\/product"}],"wp:featuredmedia":[{"embeddable":true,"href":"https:\/\/www.snowsports.ch\/fr\/wp-json\/wp\/v2\/media\/5044"}],"wp:attachment":[{"href":"https:\/\/www.snowsports.ch\/fr\/wp-json\/wp\/v2\/media?parent=4932"}],"wp:term":[{"taxonomy":"product_cat","embeddable":true,"href":"https:\/\/www.snowsports.ch\/fr\/wp-json\/wp\/v2\/product_cat?post=4932"},{"taxonomy":"product_tag","embeddable":true,"href":"https:\/\/www.snowsports.ch\/fr\/wp-json\/wp\/v2\/product_tag?post=4932"}],"curies":[{"name":"wp","href":"https:\/\/api.w.org\/{rel}","templated":true}]}}