{"id":4937,"date":"2024-05-31T08:11:04","date_gmt":"2024-05-31T06:11:04","guid":{"rendered":"https:\/\/www.snowsports.ch\/product\/volume-8-2010-enseignement-aux-enfants\/"},"modified":"2026-02-25T17:01:15","modified_gmt":"2026-02-25T16:01:15","slug":"volume-8-2010-enseignement-aux-enfants","status":"publish","type":"product","link":"https:\/\/www.snowsports.ch\/fr\/produit\/volume-8-2010-enseignement-aux-enfants\/","title":{"rendered":"Volume\u00a08\/2010 Enseignement aux enfants"},"content":{"rendered":"<p>Notre manuel a \u00e9t\u00e9 con\u00e7u pour aider les professeur.e.s de sports de neige \u00e0 initier les enfants de 3 \u00e0 12\u00a0ans aux sports de neige selon leur \u00e2ge, en toute s\u00e9curit\u00e9 et avec l\u2019accent mis sur le plaisir. Chaque enfant est unique et a des besoins, des attentes et des conditions individuelles diff\u00e9rents. C\u2019est pourquoi l\u2019enfant est au centre de notre activit\u00e9.<\/p>\n<p>L\u2019objectif est de permettre aux enfants de vivre une exp\u00e9rience positive et enrichissante dans les sports de neige. Le manuel est soigneusement pr\u00e9par\u00e9 sur le plan m\u00e9thodologique et didactique afin d\u2019aider les professeur.e.s de sports de neige, les formateur.trice.s et les entra\u00eeneur.e.s dans leur travail quotidien. Il propose des exercices pratiques qui peuvent \u00eatre adapt\u00e9s en tenant compte du niveau de d\u00e9veloppement de chacun.e, ainsi qu\u2019un grand nombre de conseils, de formes et d\u2019id\u00e9es pour les disciplines ski, snowboard, ski de fond et t\u00e9l\u00e9mark.<\/p>\n<p>Que tu commences ta formation ou que tu aies d\u00e9j\u00e0 de l\u2019exp\u00e9rience dans le domaine des sports de neige, notre manuel t\u2019accompagnera tout au long de ton parcours et t\u2019offrira un soutien pr\u00e9cieux dans ton enseignement et ton quotidien professionnel. D\u00e9couvre le manuel qui accompagne les enfants dans leur parcours vers les sports de neige et qui en fait des sportif.ve.s passionn\u00e9.e.s pratiquant leur sport en toute s\u00e9curit\u00e9!<\/p>\n","protected":false},"excerpt":{"rendered":"<p>Le manuel des sports de neige \u00abEnseignement aux enfants\u00bb contient des connaissances larges et approfondies ainsi que des suggestions pratiques pour les d\u00e9butant.e.s dans la profession. Mais il sert \u00e9galement d\u2019ouvrage de r\u00e9f\u00e9rence pour les enseignant.e.s exp\u00e9riment\u00e9.e.s, avec de nombreuses suggestions pour aller plus loin.<\/p>\n","protected":false},"featured_media":5117,"template":"","meta":{"_acf_changed":false},"product_cat":[190],"product_tag":[],"class_list":{"0":"post-4937","1":"product","2":"type-product","3":"status-publish","4":"has-post-thumbnail","6":"product_cat-manuel","8":"first","9":"instock","10":"sale","11":"taxable","12":"shipping-taxable","13":"purchasable","14":"product-type-variable"},"acf":[],"yoast_head":"<!-- This site is optimized with the Yoast SEO plugin v26.2 - https:\/\/yoast.com\/wordpress\/plugins\/seo\/ -->\n<title>Volume\u00a08\/2010 Enseignement aux enfants &#8211; Swiss Snowsports<\/title>\n<meta name=\"robots\" content=\"index, follow, max-snippet:-1, max-image-preview:large, max-video-preview:-1\" \/>\n<link rel=\"canonical\" href=\"https:\/\/www.snowsports.ch\/fr\/produit\/volume-8-2010-enseignement-aux-enfants\/\" \/>\n<meta property=\"og:locale\" content=\"fr_FR\" \/>\n<meta property=\"og:type\" content=\"article\" \/>\n<meta property=\"og:title\" content=\"Volume\u00a08\/2010 Enseignement aux enfants &#8211; Swiss Snowsports\" \/>\n<meta property=\"og:description\" content=\"Le manuel des sports de neige \u00abEnseignement aux enfants\u00bb contient des connaissances larges et approfondies ainsi que des suggestions pratiques pour les d\u00e9butant.e.s dans la profession. Mais il sert \u00e9galement d\u2019ouvrage de r\u00e9f\u00e9rence pour les enseignant.e.s exp\u00e9riment\u00e9.e.s, avec de nombreuses suggestions pour aller plus loin.\" \/>\n<meta property=\"og:url\" content=\"https:\/\/www.snowsports.ch\/fr\/produit\/volume-8-2010-enseignement-aux-enfants\/\" \/>\n<meta property=\"og:site_name\" content=\"Swiss Snowsports\" \/>\n<meta property=\"article:modified_time\" content=\"2026-02-25T16:01:15+00:00\" \/>\n<meta property=\"og:image\" content=\"https:\/\/www.snowsports.ch\/wp-content\/uploads\/2024\/07\/8-3.png\" \/>\n\t<meta property=\"og:image:width\" content=\"3654\" \/>\n\t<meta property=\"og:image:height\" content=\"3420\" \/>\n\t<meta property=\"og:image:type\" content=\"image\/png\" \/>\n<meta name=\"twitter:card\" content=\"summary_large_image\" \/>\n<meta name=\"twitter:label1\" content=\"Dur\u00e9e de lecture estim\u00e9e\" \/>\n\t<meta name=\"twitter:data1\" content=\"1 minute\" \/>\n<script type=\"application\/ld+json\" class=\"yoast-schema-graph\">{\"@context\":\"https:\/\/schema.org\",\"@graph\":[{\"@type\":\"WebPage\",\"@id\":\"https:\/\/www.snowsports.ch\/fr\/produit\/volume-8-2010-enseignement-aux-enfants\/\",\"url\":\"https:\/\/www.snowsports.ch\/fr\/produit\/volume-8-2010-enseignement-aux-enfants\/\",\"name\":\"Volume\u00a08\/2010 Enseignement aux enfants &#8211; Swiss Snowsports\",\"isPartOf\":{\"@id\":\"https:\/\/www.snowsports.ch\/fr\/#website\"},\"primaryImageOfPage\":{\"@id\":\"https:\/\/www.snowsports.ch\/fr\/produit\/volume-8-2010-enseignement-aux-enfants\/#primaryimage\"},\"image\":{\"@id\":\"https:\/\/www.snowsports.ch\/fr\/produit\/volume-8-2010-enseignement-aux-enfants\/#primaryimage\"},\"thumbnailUrl\":\"https:\/\/www.snowsports.ch\/wp-content\/uploads\/2024\/07\/8-3.png\",\"datePublished\":\"2024-05-31T06:11:04+00:00\",\"dateModified\":\"2026-02-25T16:01:15+00:00\",\"breadcrumb\":{\"@id\":\"https:\/\/www.snowsports.ch\/fr\/produit\/volume-8-2010-enseignement-aux-enfants\/#breadcrumb\"},\"inLanguage\":\"fr-FR\",\"potentialAction\":[{\"@type\":\"ReadAction\",\"target\":[\"https:\/\/www.snowsports.ch\/fr\/produit\/volume-8-2010-enseignement-aux-enfants\/\"]}]},{\"@type\":\"ImageObject\",\"inLanguage\":\"fr-FR\",\"@id\":\"https:\/\/www.snowsports.ch\/fr\/produit\/volume-8-2010-enseignement-aux-enfants\/#primaryimage\",\"url\":\"https:\/\/www.snowsports.ch\/wp-content\/uploads\/2024\/07\/8-3.png\",\"contentUrl\":\"https:\/\/www.snowsports.ch\/wp-content\/uploads\/2024\/07\/8-3.png\",\"width\":3654,\"height\":3420},{\"@type\":\"BreadcrumbList\",\"@id\":\"https:\/\/www.snowsports.ch\/fr\/produit\/volume-8-2010-enseignement-aux-enfants\/#breadcrumb\",\"itemListElement\":[{\"@type\":\"ListItem\",\"position\":1,\"name\":\"Home\",\"item\":\"https:\/\/www.snowsports.ch\/fr\/\"},{\"@type\":\"ListItem\",\"position\":2,\"name\":\"Shop\",\"item\":\"https:\/\/www.snowsports.ch\/shop\/\"},{\"@type\":\"ListItem\",\"position\":3,\"name\":\"Volume\u00a08\/2010 Enseignement aux enfants\"}]},{\"@type\":\"WebSite\",\"@id\":\"https:\/\/www.snowsports.ch\/fr\/#website\",\"url\":\"https:\/\/www.snowsports.ch\/fr\/\",\"name\":\"Swiss Snowsports\",\"description\":\"\",\"potentialAction\":[{\"@type\":\"SearchAction\",\"target\":{\"@type\":\"EntryPoint\",\"urlTemplate\":\"https:\/\/www.snowsports.ch\/fr\/?s={search_term_string}\"},\"query-input\":{\"@type\":\"PropertyValueSpecification\",\"valueRequired\":true,\"valueName\":\"search_term_string\"}}],\"inLanguage\":\"fr-FR\"}]}<\/script>\n<!-- \/ Yoast SEO plugin. -->","yoast_head_json":{"title":"Volume\u00a08\/2010 Enseignement aux enfants &#8211; Swiss Snowsports","robots":{"index":"index","follow":"follow","max-snippet":"max-snippet:-1","max-image-preview":"max-image-preview:large","max-video-preview":"max-video-preview:-1"},"canonical":"https:\/\/www.snowsports.ch\/fr\/produit\/volume-8-2010-enseignement-aux-enfants\/","og_locale":"fr_FR","og_type":"article","og_title":"Volume\u00a08\/2010 Enseignement aux enfants &#8211; Swiss Snowsports","og_description":"Le manuel des sports de neige \u00abEnseignement aux enfants\u00bb contient des connaissances larges et approfondies ainsi que des suggestions pratiques pour les d\u00e9butant.e.s dans la profession. Mais il sert \u00e9galement d\u2019ouvrage de r\u00e9f\u00e9rence pour les enseignant.e.s exp\u00e9riment\u00e9.e.s, avec de nombreuses suggestions pour aller plus loin.","og_url":"https:\/\/www.snowsports.ch\/fr\/produit\/volume-8-2010-enseignement-aux-enfants\/","og_site_name":"Swiss Snowsports","article_modified_time":"2026-02-25T16:01:15+00:00","og_image":[{"width":3654,"height":3420,"url":"https:\/\/www.snowsports.ch\/wp-content\/uploads\/2024\/07\/8-3.png","type":"image\/png"}],"twitter_card":"summary_large_image","twitter_misc":{"Dur\u00e9e de lecture estim\u00e9e":"1 minute"},"schema":{"@context":"https:\/\/schema.org","@graph":[{"@type":"WebPage","@id":"https:\/\/www.snowsports.ch\/fr\/produit\/volume-8-2010-enseignement-aux-enfants\/","url":"https:\/\/www.snowsports.ch\/fr\/produit\/volume-8-2010-enseignement-aux-enfants\/","name":"Volume\u00a08\/2010 Enseignement aux enfants &#8211; Swiss Snowsports","isPartOf":{"@id":"https:\/\/www.snowsports.ch\/fr\/#website"},"primaryImageOfPage":{"@id":"https:\/\/www.snowsports.ch\/fr\/produit\/volume-8-2010-enseignement-aux-enfants\/#primaryimage"},"image":{"@id":"https:\/\/www.snowsports.ch\/fr\/produit\/volume-8-2010-enseignement-aux-enfants\/#primaryimage"},"thumbnailUrl":"https:\/\/www.snowsports.ch\/wp-content\/uploads\/2024\/07\/8-3.png","datePublished":"2024-05-31T06:11:04+00:00","dateModified":"2026-02-25T16:01:15+00:00","breadcrumb":{"@id":"https:\/\/www.snowsports.ch\/fr\/produit\/volume-8-2010-enseignement-aux-enfants\/#breadcrumb"},"inLanguage":"fr-FR","potentialAction":[{"@type":"ReadAction","target":["https:\/\/www.snowsports.ch\/fr\/produit\/volume-8-2010-enseignement-aux-enfants\/"]}]},{"@type":"ImageObject","inLanguage":"fr-FR","@id":"https:\/\/www.snowsports.ch\/fr\/produit\/volume-8-2010-enseignement-aux-enfants\/#primaryimage","url":"https:\/\/www.snowsports.ch\/wp-content\/uploads\/2024\/07\/8-3.png","contentUrl":"https:\/\/www.snowsports.ch\/wp-content\/uploads\/2024\/07\/8-3.png","width":3654,"height":3420},{"@type":"BreadcrumbList","@id":"https:\/\/www.snowsports.ch\/fr\/produit\/volume-8-2010-enseignement-aux-enfants\/#breadcrumb","itemListElement":[{"@type":"ListItem","position":1,"name":"Home","item":"https:\/\/www.snowsports.ch\/fr\/"},{"@type":"ListItem","position":2,"name":"Shop","item":"https:\/\/www.snowsports.ch\/shop\/"},{"@type":"ListItem","position":3,"name":"Volume\u00a08\/2010 Enseignement aux enfants"}]},{"@type":"WebSite","@id":"https:\/\/www.snowsports.ch\/fr\/#website","url":"https:\/\/www.snowsports.ch\/fr\/","name":"Swiss Snowsports","description":"","potentialAction":[{"@type":"SearchAction","target":{"@type":"EntryPoint","urlTemplate":"https:\/\/www.snowsports.ch\/fr\/?s={search_term_string}"},"query-input":{"@type":"PropertyValueSpecification","valueRequired":true,"valueName":"search_term_string"}}],"inLanguage":"fr-FR"}]}},"_links":{"self":[{"href":"https:\/\/www.snowsports.ch\/fr\/wp-json\/wp\/v2\/product\/4937","targetHints":{"allow":["GET"]}}],"collection":[{"href":"https:\/\/www.snowsports.ch\/fr\/wp-json\/wp\/v2\/product"}],"about":[{"href":"https:\/\/www.snowsports.ch\/fr\/wp-json\/wp\/v2\/types\/product"}],"wp:featuredmedia":[{"embeddable":true,"href":"https:\/\/www.snowsports.ch\/fr\/wp-json\/wp\/v2\/media\/5117"}],"wp:attachment":[{"href":"https:\/\/www.snowsports.ch\/fr\/wp-json\/wp\/v2\/media?parent=4937"}],"wp:term":[{"taxonomy":"product_cat","embeddable":true,"href":"https:\/\/www.snowsports.ch\/fr\/wp-json\/wp\/v2\/product_cat?post=4937"},{"taxonomy":"product_tag","embeddable":true,"href":"https:\/\/www.snowsports.ch\/fr\/wp-json\/wp\/v2\/product_tag?post=4937"}],"curies":[{"name":"wp","href":"https:\/\/api.w.org\/{rel}","templated":true}]}}