{"id":4941,"date":"2024-05-31T08:11:04","date_gmt":"2024-05-31T06:11:04","guid":{"rendered":"https:\/\/www.snowsports.ch\/product\/volume-5-2010-telemark\/"},"modified":"2026-02-22T08:20:02","modified_gmt":"2026-02-22T07:20:02","slug":"volume-5-2010-telemark","status":"publish","type":"product","link":"https:\/\/www.snowsports.ch\/fr\/produit\/volume-5-2010-telemark\/","title":{"rendered":"Volume\u00a05\/2010 T\u00e9l\u00e9mark"},"content":{"rendered":"<p>Que tu enseignes \u00e0 des d\u00e9butant.e.s qui font leurs premiers virages de t\u00e9l\u00e9mark ou \u00e0 des skieur.se.s confirm\u00e9.e.s qui souhaitent affiner leur technique, notre manuel est con\u00e7u pour te fournir les outils et ressources n\u00e9cessaires \u00e0 l\u2019organisation de cours efficaces et attrayants.<\/p>\n<p>Les instructions claires et les exercices pratiques t\u2019aideront \u00e0 motiver tes \u00e9l\u00e8ves et \u00e0 am\u00e9liorer leurs comp\u00e9tences en t\u00e9l\u00e9mark.<\/p>\n","protected":false},"excerpt":{"rendered":"<p>Le manuel pour les professeur.e.s de t\u00e9l\u00e9mark avec des s\u00e9ries d\u2019images, des descriptions de mouvements et des exemples d\u2019exercices concrets pour tous les groupes d\u2019apprentissage.<\/p>\n","protected":false},"featured_media":5111,"template":"","meta":{"_acf_changed":false},"product_cat":[190],"product_tag":[],"class_list":{"0":"post-4941","1":"product","2":"type-product","3":"status-publish","4":"has-post-thumbnail","6":"product_cat-manuel","8":"first","9":"instock","10":"taxable","11":"shipping-taxable","12":"purchasable","13":"product-type-variable"},"acf":[],"yoast_head":"<!-- This site is optimized with the Yoast SEO plugin v26.2 - https:\/\/yoast.com\/wordpress\/plugins\/seo\/ -->\n<title>Volume\u00a05\/2010 T\u00e9l\u00e9mark &#8211; Swiss Snowsports<\/title>\n<meta name=\"robots\" content=\"index, follow, max-snippet:-1, max-image-preview:large, max-video-preview:-1\" \/>\n<link rel=\"canonical\" href=\"https:\/\/www.snowsports.ch\/fr\/produit\/volume-5-2010-telemark\/\" \/>\n<meta property=\"og:locale\" content=\"fr_FR\" \/>\n<meta property=\"og:type\" content=\"article\" \/>\n<meta property=\"og:title\" content=\"Volume\u00a05\/2010 T\u00e9l\u00e9mark &#8211; Swiss Snowsports\" \/>\n<meta property=\"og:description\" content=\"Le manuel pour les professeur.e.s de t\u00e9l\u00e9mark avec des s\u00e9ries d\u2019images, des descriptions de mouvements et des exemples d\u2019exercices concrets pour tous les groupes d\u2019apprentissage.\" \/>\n<meta property=\"og:url\" content=\"https:\/\/www.snowsports.ch\/fr\/produit\/volume-5-2010-telemark\/\" \/>\n<meta property=\"og:site_name\" content=\"Swiss Snowsports\" \/>\n<meta property=\"article:modified_time\" content=\"2026-02-22T07:20:02+00:00\" \/>\n<meta property=\"og:image\" content=\"https:\/\/www.snowsports.ch\/wp-content\/uploads\/2024\/07\/5-3.png\" \/>\n\t<meta property=\"og:image:width\" content=\"3654\" \/>\n\t<meta property=\"og:image:height\" content=\"3420\" \/>\n\t<meta property=\"og:image:type\" content=\"image\/png\" \/>\n<meta name=\"twitter:card\" content=\"summary_large_image\" \/>\n<script type=\"application\/ld+json\" class=\"yoast-schema-graph\">{\"@context\":\"https:\/\/schema.org\",\"@graph\":[{\"@type\":\"WebPage\",\"@id\":\"https:\/\/www.snowsports.ch\/fr\/produit\/volume-5-2010-telemark\/\",\"url\":\"https:\/\/www.snowsports.ch\/fr\/produit\/volume-5-2010-telemark\/\",\"name\":\"Volume\u00a05\/2010 T\u00e9l\u00e9mark &#8211; Swiss Snowsports\",\"isPartOf\":{\"@id\":\"https:\/\/www.snowsports.ch\/fr\/#website\"},\"primaryImageOfPage\":{\"@id\":\"https:\/\/www.snowsports.ch\/fr\/produit\/volume-5-2010-telemark\/#primaryimage\"},\"image\":{\"@id\":\"https:\/\/www.snowsports.ch\/fr\/produit\/volume-5-2010-telemark\/#primaryimage\"},\"thumbnailUrl\":\"https:\/\/www.snowsports.ch\/wp-content\/uploads\/2024\/07\/5-3.png\",\"datePublished\":\"2024-05-31T06:11:04+00:00\",\"dateModified\":\"2026-02-22T07:20:02+00:00\",\"breadcrumb\":{\"@id\":\"https:\/\/www.snowsports.ch\/fr\/produit\/volume-5-2010-telemark\/#breadcrumb\"},\"inLanguage\":\"fr-FR\",\"potentialAction\":[{\"@type\":\"ReadAction\",\"target\":[\"https:\/\/www.snowsports.ch\/fr\/produit\/volume-5-2010-telemark\/\"]}]},{\"@type\":\"ImageObject\",\"inLanguage\":\"fr-FR\",\"@id\":\"https:\/\/www.snowsports.ch\/fr\/produit\/volume-5-2010-telemark\/#primaryimage\",\"url\":\"https:\/\/www.snowsports.ch\/wp-content\/uploads\/2024\/07\/5-3.png\",\"contentUrl\":\"https:\/\/www.snowsports.ch\/wp-content\/uploads\/2024\/07\/5-3.png\",\"width\":3654,\"height\":3420},{\"@type\":\"BreadcrumbList\",\"@id\":\"https:\/\/www.snowsports.ch\/fr\/produit\/volume-5-2010-telemark\/#breadcrumb\",\"itemListElement\":[{\"@type\":\"ListItem\",\"position\":1,\"name\":\"Home\",\"item\":\"https:\/\/www.snowsports.ch\/fr\/\"},{\"@type\":\"ListItem\",\"position\":2,\"name\":\"Shop\",\"item\":\"https:\/\/www.snowsports.ch\/shop\/\"},{\"@type\":\"ListItem\",\"position\":3,\"name\":\"Volume\u00a05\/2010 T\u00e9l\u00e9mark\"}]},{\"@type\":\"WebSite\",\"@id\":\"https:\/\/www.snowsports.ch\/fr\/#website\",\"url\":\"https:\/\/www.snowsports.ch\/fr\/\",\"name\":\"Swiss Snowsports\",\"description\":\"\",\"potentialAction\":[{\"@type\":\"SearchAction\",\"target\":{\"@type\":\"EntryPoint\",\"urlTemplate\":\"https:\/\/www.snowsports.ch\/fr\/?s={search_term_string}\"},\"query-input\":{\"@type\":\"PropertyValueSpecification\",\"valueRequired\":true,\"valueName\":\"search_term_string\"}}],\"inLanguage\":\"fr-FR\"}]}<\/script>\n<!-- \/ Yoast SEO plugin. -->","yoast_head_json":{"title":"Volume\u00a05\/2010 T\u00e9l\u00e9mark &#8211; Swiss Snowsports","robots":{"index":"index","follow":"follow","max-snippet":"max-snippet:-1","max-image-preview":"max-image-preview:large","max-video-preview":"max-video-preview:-1"},"canonical":"https:\/\/www.snowsports.ch\/fr\/produit\/volume-5-2010-telemark\/","og_locale":"fr_FR","og_type":"article","og_title":"Volume\u00a05\/2010 T\u00e9l\u00e9mark &#8211; Swiss Snowsports","og_description":"Le manuel pour les professeur.e.s de t\u00e9l\u00e9mark avec des s\u00e9ries d\u2019images, des descriptions de mouvements et des exemples d\u2019exercices concrets pour tous les groupes d\u2019apprentissage.","og_url":"https:\/\/www.snowsports.ch\/fr\/produit\/volume-5-2010-telemark\/","og_site_name":"Swiss Snowsports","article_modified_time":"2026-02-22T07:20:02+00:00","og_image":[{"width":3654,"height":3420,"url":"https:\/\/www.snowsports.ch\/wp-content\/uploads\/2024\/07\/5-3.png","type":"image\/png"}],"twitter_card":"summary_large_image","schema":{"@context":"https:\/\/schema.org","@graph":[{"@type":"WebPage","@id":"https:\/\/www.snowsports.ch\/fr\/produit\/volume-5-2010-telemark\/","url":"https:\/\/www.snowsports.ch\/fr\/produit\/volume-5-2010-telemark\/","name":"Volume\u00a05\/2010 T\u00e9l\u00e9mark &#8211; Swiss Snowsports","isPartOf":{"@id":"https:\/\/www.snowsports.ch\/fr\/#website"},"primaryImageOfPage":{"@id":"https:\/\/www.snowsports.ch\/fr\/produit\/volume-5-2010-telemark\/#primaryimage"},"image":{"@id":"https:\/\/www.snowsports.ch\/fr\/produit\/volume-5-2010-telemark\/#primaryimage"},"thumbnailUrl":"https:\/\/www.snowsports.ch\/wp-content\/uploads\/2024\/07\/5-3.png","datePublished":"2024-05-31T06:11:04+00:00","dateModified":"2026-02-22T07:20:02+00:00","breadcrumb":{"@id":"https:\/\/www.snowsports.ch\/fr\/produit\/volume-5-2010-telemark\/#breadcrumb"},"inLanguage":"fr-FR","potentialAction":[{"@type":"ReadAction","target":["https:\/\/www.snowsports.ch\/fr\/produit\/volume-5-2010-telemark\/"]}]},{"@type":"ImageObject","inLanguage":"fr-FR","@id":"https:\/\/www.snowsports.ch\/fr\/produit\/volume-5-2010-telemark\/#primaryimage","url":"https:\/\/www.snowsports.ch\/wp-content\/uploads\/2024\/07\/5-3.png","contentUrl":"https:\/\/www.snowsports.ch\/wp-content\/uploads\/2024\/07\/5-3.png","width":3654,"height":3420},{"@type":"BreadcrumbList","@id":"https:\/\/www.snowsports.ch\/fr\/produit\/volume-5-2010-telemark\/#breadcrumb","itemListElement":[{"@type":"ListItem","position":1,"name":"Home","item":"https:\/\/www.snowsports.ch\/fr\/"},{"@type":"ListItem","position":2,"name":"Shop","item":"https:\/\/www.snowsports.ch\/shop\/"},{"@type":"ListItem","position":3,"name":"Volume\u00a05\/2010 T\u00e9l\u00e9mark"}]},{"@type":"WebSite","@id":"https:\/\/www.snowsports.ch\/fr\/#website","url":"https:\/\/www.snowsports.ch\/fr\/","name":"Swiss Snowsports","description":"","potentialAction":[{"@type":"SearchAction","target":{"@type":"EntryPoint","urlTemplate":"https:\/\/www.snowsports.ch\/fr\/?s={search_term_string}"},"query-input":{"@type":"PropertyValueSpecification","valueRequired":true,"valueName":"search_term_string"}}],"inLanguage":"fr-FR"}]}},"_links":{"self":[{"href":"https:\/\/www.snowsports.ch\/fr\/wp-json\/wp\/v2\/product\/4941","targetHints":{"allow":["GET"]}}],"collection":[{"href":"https:\/\/www.snowsports.ch\/fr\/wp-json\/wp\/v2\/product"}],"about":[{"href":"https:\/\/www.snowsports.ch\/fr\/wp-json\/wp\/v2\/types\/product"}],"wp:featuredmedia":[{"embeddable":true,"href":"https:\/\/www.snowsports.ch\/fr\/wp-json\/wp\/v2\/media\/5111"}],"wp:attachment":[{"href":"https:\/\/www.snowsports.ch\/fr\/wp-json\/wp\/v2\/media?parent=4941"}],"wp:term":[{"taxonomy":"product_cat","embeddable":true,"href":"https:\/\/www.snowsports.ch\/fr\/wp-json\/wp\/v2\/product_cat?post=4941"},{"taxonomy":"product_tag","embeddable":true,"href":"https:\/\/www.snowsports.ch\/fr\/wp-json\/wp\/v2\/product_tag?post=4941"}],"curies":[{"name":"wp","href":"https:\/\/api.w.org\/{rel}","templated":true}]}}