{"id":4948,"date":"2024-05-31T08:11:04","date_gmt":"2024-05-31T06:11:04","guid":{"rendered":"https:\/\/www.snowsports.ch\/product\/volume-4-2010-ski-de-fond\/"},"modified":"2026-01-02T18:06:32","modified_gmt":"2026-01-02T17:06:32","slug":"volume-4-2010-ski-de-fond","status":"publish","type":"product","link":"https:\/\/www.snowsports.ch\/fr\/produit\/volume-4-2010-ski-de-fond\/","title":{"rendered":"Volume\u00a04\/2010 Ski de fond"},"content":{"rendered":"<p>Ce manuel a \u00e9t\u00e9 soigneusement con\u00e7u pour mettre \u00e0 ta disposition les outils et ressources dont tu as besoin pour mettre sur pied un enseignement efficace et attrayant. Des techniques de base (skating et classique) aux strat\u00e9gies de course avanc\u00e9es, nos s\u00e9ries d\u2019images et nos descriptions de mouvements couvrent tous les aspects importants du ski de fond.<\/p>\n<p>Que tu travailles avec des d\u00e9butant.e.s qui font leurs premiers pas sur les pistes de ski de fond ou avec des athl\u00e8tes exp\u00e9riment\u00e9.e.s qui souhaitent am\u00e9liorer leur technique, notre manuel propose des exemples d\u2019exercices et des instructions adapt\u00e9s \u00e0 tous les groupes d\u2019apprentissage.<\/p>\n","protected":false},"excerpt":{"rendered":"<p>Bienvenue dans le monde du ski de fond! Notre mat\u00e9riel d\u2019apprentissage pour les professeur.e.s de ski de fond te propose une collection compl\u00e8te de s\u00e9ries d\u2019images, de descriptions d\u00e9taill\u00e9es de mouvements et d\u2019exemples d\u2019exercices concrets pour aider tes \u00e9l\u00e8ves de tous niveaux.<\/p>\n","protected":false},"featured_media":5108,"template":"","meta":{"_acf_changed":false},"product_cat":[190],"product_tag":[],"class_list":{"0":"post-4948","1":"product","2":"type-product","3":"status-publish","4":"has-post-thumbnail","6":"product_cat-manuel","8":"first","9":"instock","10":"sale","11":"taxable","12":"shipping-taxable","13":"purchasable","14":"product-type-variable"},"acf":[],"yoast_head":"<!-- This site is optimized with the Yoast SEO plugin v26.2 - https:\/\/yoast.com\/wordpress\/plugins\/seo\/ -->\n<title>Volume\u00a04\/2010 Ski de fond &#8211; Swiss Snowsports<\/title>\n<meta name=\"robots\" content=\"index, follow, max-snippet:-1, max-image-preview:large, max-video-preview:-1\" \/>\n<link rel=\"canonical\" href=\"https:\/\/www.snowsports.ch\/fr\/produit\/volume-4-2010-ski-de-fond\/\" \/>\n<meta property=\"og:locale\" content=\"fr_FR\" \/>\n<meta property=\"og:type\" content=\"article\" \/>\n<meta property=\"og:title\" content=\"Volume\u00a04\/2010 Ski de fond &#8211; Swiss Snowsports\" \/>\n<meta property=\"og:description\" content=\"Bienvenue dans le monde du ski de fond! Notre mat\u00e9riel d\u2019apprentissage pour les professeur.e.s de ski de fond te propose une collection compl\u00e8te de s\u00e9ries d\u2019images, de descriptions d\u00e9taill\u00e9es de mouvements et d\u2019exemples d\u2019exercices concrets pour aider tes \u00e9l\u00e8ves de tous niveaux.\" \/>\n<meta property=\"og:url\" content=\"https:\/\/www.snowsports.ch\/fr\/produit\/volume-4-2010-ski-de-fond\/\" \/>\n<meta property=\"og:site_name\" content=\"Swiss Snowsports\" \/>\n<meta property=\"article:modified_time\" content=\"2026-01-02T17:06:32+00:00\" \/>\n<meta property=\"og:image\" content=\"https:\/\/www.snowsports.ch\/wp-content\/uploads\/2024\/07\/4-3.png\" \/>\n\t<meta property=\"og:image:width\" content=\"3654\" \/>\n\t<meta property=\"og:image:height\" content=\"3420\" \/>\n\t<meta property=\"og:image:type\" content=\"image\/png\" \/>\n<meta name=\"twitter:card\" content=\"summary_large_image\" \/>\n<meta name=\"twitter:label1\" content=\"Dur\u00e9e de lecture estim\u00e9e\" \/>\n\t<meta name=\"twitter:data1\" content=\"1 minute\" \/>\n<script type=\"application\/ld+json\" class=\"yoast-schema-graph\">{\"@context\":\"https:\/\/schema.org\",\"@graph\":[{\"@type\":\"WebPage\",\"@id\":\"https:\/\/www.snowsports.ch\/fr\/produit\/volume-4-2010-ski-de-fond\/\",\"url\":\"https:\/\/www.snowsports.ch\/fr\/produit\/volume-4-2010-ski-de-fond\/\",\"name\":\"Volume\u00a04\/2010 Ski de fond &#8211; Swiss Snowsports\",\"isPartOf\":{\"@id\":\"https:\/\/www.snowsports.ch\/fr\/#website\"},\"primaryImageOfPage\":{\"@id\":\"https:\/\/www.snowsports.ch\/fr\/produit\/volume-4-2010-ski-de-fond\/#primaryimage\"},\"image\":{\"@id\":\"https:\/\/www.snowsports.ch\/fr\/produit\/volume-4-2010-ski-de-fond\/#primaryimage\"},\"thumbnailUrl\":\"https:\/\/www.snowsports.ch\/wp-content\/uploads\/2024\/07\/4-3.png\",\"datePublished\":\"2024-05-31T06:11:04+00:00\",\"dateModified\":\"2026-01-02T17:06:32+00:00\",\"breadcrumb\":{\"@id\":\"https:\/\/www.snowsports.ch\/fr\/produit\/volume-4-2010-ski-de-fond\/#breadcrumb\"},\"inLanguage\":\"fr-FR\",\"potentialAction\":[{\"@type\":\"ReadAction\",\"target\":[\"https:\/\/www.snowsports.ch\/fr\/produit\/volume-4-2010-ski-de-fond\/\"]}]},{\"@type\":\"ImageObject\",\"inLanguage\":\"fr-FR\",\"@id\":\"https:\/\/www.snowsports.ch\/fr\/produit\/volume-4-2010-ski-de-fond\/#primaryimage\",\"url\":\"https:\/\/www.snowsports.ch\/wp-content\/uploads\/2024\/07\/4-3.png\",\"contentUrl\":\"https:\/\/www.snowsports.ch\/wp-content\/uploads\/2024\/07\/4-3.png\",\"width\":3654,\"height\":3420},{\"@type\":\"BreadcrumbList\",\"@id\":\"https:\/\/www.snowsports.ch\/fr\/produit\/volume-4-2010-ski-de-fond\/#breadcrumb\",\"itemListElement\":[{\"@type\":\"ListItem\",\"position\":1,\"name\":\"Home\",\"item\":\"https:\/\/www.snowsports.ch\/fr\/\"},{\"@type\":\"ListItem\",\"position\":2,\"name\":\"Shop\",\"item\":\"https:\/\/www.snowsports.ch\/shop\/\"},{\"@type\":\"ListItem\",\"position\":3,\"name\":\"Volume\u00a04\/2010 Ski de fond\"}]},{\"@type\":\"WebSite\",\"@id\":\"https:\/\/www.snowsports.ch\/fr\/#website\",\"url\":\"https:\/\/www.snowsports.ch\/fr\/\",\"name\":\"Swiss Snowsports\",\"description\":\"\",\"potentialAction\":[{\"@type\":\"SearchAction\",\"target\":{\"@type\":\"EntryPoint\",\"urlTemplate\":\"https:\/\/www.snowsports.ch\/fr\/?s={search_term_string}\"},\"query-input\":{\"@type\":\"PropertyValueSpecification\",\"valueRequired\":true,\"valueName\":\"search_term_string\"}}],\"inLanguage\":\"fr-FR\"}]}<\/script>\n<!-- \/ Yoast SEO plugin. -->","yoast_head_json":{"title":"Volume\u00a04\/2010 Ski de fond &#8211; Swiss Snowsports","robots":{"index":"index","follow":"follow","max-snippet":"max-snippet:-1","max-image-preview":"max-image-preview:large","max-video-preview":"max-video-preview:-1"},"canonical":"https:\/\/www.snowsports.ch\/fr\/produit\/volume-4-2010-ski-de-fond\/","og_locale":"fr_FR","og_type":"article","og_title":"Volume\u00a04\/2010 Ski de fond &#8211; Swiss Snowsports","og_description":"Bienvenue dans le monde du ski de fond! Notre mat\u00e9riel d\u2019apprentissage pour les professeur.e.s de ski de fond te propose une collection compl\u00e8te de s\u00e9ries d\u2019images, de descriptions d\u00e9taill\u00e9es de mouvements et d\u2019exemples d\u2019exercices concrets pour aider tes \u00e9l\u00e8ves de tous niveaux.","og_url":"https:\/\/www.snowsports.ch\/fr\/produit\/volume-4-2010-ski-de-fond\/","og_site_name":"Swiss Snowsports","article_modified_time":"2026-01-02T17:06:32+00:00","og_image":[{"width":3654,"height":3420,"url":"https:\/\/www.snowsports.ch\/wp-content\/uploads\/2024\/07\/4-3.png","type":"image\/png"}],"twitter_card":"summary_large_image","twitter_misc":{"Dur\u00e9e de lecture estim\u00e9e":"1 minute"},"schema":{"@context":"https:\/\/schema.org","@graph":[{"@type":"WebPage","@id":"https:\/\/www.snowsports.ch\/fr\/produit\/volume-4-2010-ski-de-fond\/","url":"https:\/\/www.snowsports.ch\/fr\/produit\/volume-4-2010-ski-de-fond\/","name":"Volume\u00a04\/2010 Ski de fond &#8211; Swiss Snowsports","isPartOf":{"@id":"https:\/\/www.snowsports.ch\/fr\/#website"},"primaryImageOfPage":{"@id":"https:\/\/www.snowsports.ch\/fr\/produit\/volume-4-2010-ski-de-fond\/#primaryimage"},"image":{"@id":"https:\/\/www.snowsports.ch\/fr\/produit\/volume-4-2010-ski-de-fond\/#primaryimage"},"thumbnailUrl":"https:\/\/www.snowsports.ch\/wp-content\/uploads\/2024\/07\/4-3.png","datePublished":"2024-05-31T06:11:04+00:00","dateModified":"2026-01-02T17:06:32+00:00","breadcrumb":{"@id":"https:\/\/www.snowsports.ch\/fr\/produit\/volume-4-2010-ski-de-fond\/#breadcrumb"},"inLanguage":"fr-FR","potentialAction":[{"@type":"ReadAction","target":["https:\/\/www.snowsports.ch\/fr\/produit\/volume-4-2010-ski-de-fond\/"]}]},{"@type":"ImageObject","inLanguage":"fr-FR","@id":"https:\/\/www.snowsports.ch\/fr\/produit\/volume-4-2010-ski-de-fond\/#primaryimage","url":"https:\/\/www.snowsports.ch\/wp-content\/uploads\/2024\/07\/4-3.png","contentUrl":"https:\/\/www.snowsports.ch\/wp-content\/uploads\/2024\/07\/4-3.png","width":3654,"height":3420},{"@type":"BreadcrumbList","@id":"https:\/\/www.snowsports.ch\/fr\/produit\/volume-4-2010-ski-de-fond\/#breadcrumb","itemListElement":[{"@type":"ListItem","position":1,"name":"Home","item":"https:\/\/www.snowsports.ch\/fr\/"},{"@type":"ListItem","position":2,"name":"Shop","item":"https:\/\/www.snowsports.ch\/shop\/"},{"@type":"ListItem","position":3,"name":"Volume\u00a04\/2010 Ski de fond"}]},{"@type":"WebSite","@id":"https:\/\/www.snowsports.ch\/fr\/#website","url":"https:\/\/www.snowsports.ch\/fr\/","name":"Swiss Snowsports","description":"","potentialAction":[{"@type":"SearchAction","target":{"@type":"EntryPoint","urlTemplate":"https:\/\/www.snowsports.ch\/fr\/?s={search_term_string}"},"query-input":{"@type":"PropertyValueSpecification","valueRequired":true,"valueName":"search_term_string"}}],"inLanguage":"fr-FR"}]}},"_links":{"self":[{"href":"https:\/\/www.snowsports.ch\/fr\/wp-json\/wp\/v2\/product\/4948","targetHints":{"allow":["GET"]}}],"collection":[{"href":"https:\/\/www.snowsports.ch\/fr\/wp-json\/wp\/v2\/product"}],"about":[{"href":"https:\/\/www.snowsports.ch\/fr\/wp-json\/wp\/v2\/types\/product"}],"wp:featuredmedia":[{"embeddable":true,"href":"https:\/\/www.snowsports.ch\/fr\/wp-json\/wp\/v2\/media\/5108"}],"wp:attachment":[{"href":"https:\/\/www.snowsports.ch\/fr\/wp-json\/wp\/v2\/media?parent=4948"}],"wp:term":[{"taxonomy":"product_cat","embeddable":true,"href":"https:\/\/www.snowsports.ch\/fr\/wp-json\/wp\/v2\/product_cat?post=4948"},{"taxonomy":"product_tag","embeddable":true,"href":"https:\/\/www.snowsports.ch\/fr\/wp-json\/wp\/v2\/product_tag?post=4948"}],"curies":[{"name":"wp","href":"https:\/\/api.w.org\/{rel}","templated":true}]}}