{"id":4955,"date":"2024-05-30T14:03:16","date_gmt":"2024-05-30T12:03:16","guid":{"rendered":"https:\/\/www.snowsports.ch\/product\/volume-3-2010-snowboard\/"},"modified":"2026-03-01T19:42:16","modified_gmt":"2026-03-01T18:42:16","slug":"volume-3-2010-snowboard","status":"publish","type":"product","link":"https:\/\/www.snowsports.ch\/fr\/produit\/volume-3-2010-snowboard\/","title":{"rendered":"Volume\u00a03\/2010 Snowboard"},"content":{"rendered":"<p>Bienvenue dans le monde fascinant du snowboard. Tu trouveras chez nous le mat\u00e9riel d\u2019apprentissage id\u00e9al pour accompagner les apprenant.e.s dans leur aventure en snowboard et les faire passer au niveau sup\u00e9rieur.<\/p>\n<p>Le manuel est soigneusement con\u00e7u pour aider les participant.e.s \u00e0 am\u00e9liorer leurs comp\u00e9tences en snowboard. Des techniques de base aux tricks les plus exigeants: tous les domaines sont couverts. Il s\u2019adresse \u00e0 tous les groupes d\u2019apprentissage.<\/p>\n","protected":false},"excerpt":{"rendered":"<p>Plonge-toi dans notre manuel complet pour les professeur.e.s de snowboard, avec de nombreuses s\u00e9ries d\u2019images, des descriptions d\u00e9taill\u00e9es de mouvements et des exemples d\u2019exercices concrets pour tous les groupes d\u2019apprentissage!<\/p>\n<p>&nbsp;<\/p>\n","protected":false},"featured_media":5106,"template":"","meta":{"_acf_changed":false},"product_cat":[190],"product_tag":[],"class_list":{"0":"post-4955","1":"product","2":"type-product","3":"status-publish","4":"has-post-thumbnail","6":"product_cat-manuel","8":"first","9":"instock","10":"sale","11":"taxable","12":"shipping-taxable","13":"purchasable","14":"product-type-variable"},"acf":[],"yoast_head":"<!-- This site is optimized with the Yoast SEO plugin v26.2 - https:\/\/yoast.com\/wordpress\/plugins\/seo\/ -->\n<title>Volume\u00a03\/2010 Snowboard &#8211; Swiss Snowsports<\/title>\n<meta name=\"robots\" content=\"index, follow, max-snippet:-1, max-image-preview:large, max-video-preview:-1\" \/>\n<link rel=\"canonical\" href=\"https:\/\/www.snowsports.ch\/fr\/produit\/volume-3-2010-snowboard\/\" \/>\n<meta property=\"og:locale\" content=\"fr_FR\" \/>\n<meta property=\"og:type\" content=\"article\" \/>\n<meta property=\"og:title\" content=\"Volume\u00a03\/2010 Snowboard &#8211; Swiss Snowsports\" \/>\n<meta property=\"og:description\" content=\"Plonge-toi dans notre manuel complet pour les professeur.e.s de snowboard, avec de nombreuses s\u00e9ries d\u2019images, des descriptions d\u00e9taill\u00e9es de mouvements et des exemples d\u2019exercices concrets pour tous les groupes d\u2019apprentissage!  &nbsp;\" \/>\n<meta property=\"og:url\" content=\"https:\/\/www.snowsports.ch\/fr\/produit\/volume-3-2010-snowboard\/\" \/>\n<meta property=\"og:site_name\" content=\"Swiss Snowsports\" \/>\n<meta property=\"article:modified_time\" content=\"2026-03-01T18:42:16+00:00\" \/>\n<meta property=\"og:image\" content=\"https:\/\/www.snowsports.ch\/wp-content\/uploads\/2024\/07\/3-3.png\" \/>\n\t<meta property=\"og:image:width\" content=\"3654\" \/>\n\t<meta property=\"og:image:height\" content=\"3420\" \/>\n\t<meta property=\"og:image:type\" content=\"image\/png\" \/>\n<meta name=\"twitter:card\" content=\"summary_large_image\" \/>\n<script type=\"application\/ld+json\" class=\"yoast-schema-graph\">{\"@context\":\"https:\/\/schema.org\",\"@graph\":[{\"@type\":\"WebPage\",\"@id\":\"https:\/\/www.snowsports.ch\/fr\/produit\/volume-3-2010-snowboard\/\",\"url\":\"https:\/\/www.snowsports.ch\/fr\/produit\/volume-3-2010-snowboard\/\",\"name\":\"Volume\u00a03\/2010 Snowboard &#8211; Swiss Snowsports\",\"isPartOf\":{\"@id\":\"https:\/\/www.snowsports.ch\/fr\/#website\"},\"primaryImageOfPage\":{\"@id\":\"https:\/\/www.snowsports.ch\/fr\/produit\/volume-3-2010-snowboard\/#primaryimage\"},\"image\":{\"@id\":\"https:\/\/www.snowsports.ch\/fr\/produit\/volume-3-2010-snowboard\/#primaryimage\"},\"thumbnailUrl\":\"https:\/\/www.snowsports.ch\/wp-content\/uploads\/2024\/07\/3-3.png\",\"datePublished\":\"2024-05-30T12:03:16+00:00\",\"dateModified\":\"2026-03-01T18:42:16+00:00\",\"breadcrumb\":{\"@id\":\"https:\/\/www.snowsports.ch\/fr\/produit\/volume-3-2010-snowboard\/#breadcrumb\"},\"inLanguage\":\"fr-FR\",\"potentialAction\":[{\"@type\":\"ReadAction\",\"target\":[\"https:\/\/www.snowsports.ch\/fr\/produit\/volume-3-2010-snowboard\/\"]}]},{\"@type\":\"ImageObject\",\"inLanguage\":\"fr-FR\",\"@id\":\"https:\/\/www.snowsports.ch\/fr\/produit\/volume-3-2010-snowboard\/#primaryimage\",\"url\":\"https:\/\/www.snowsports.ch\/wp-content\/uploads\/2024\/07\/3-3.png\",\"contentUrl\":\"https:\/\/www.snowsports.ch\/wp-content\/uploads\/2024\/07\/3-3.png\",\"width\":3654,\"height\":3420},{\"@type\":\"BreadcrumbList\",\"@id\":\"https:\/\/www.snowsports.ch\/fr\/produit\/volume-3-2010-snowboard\/#breadcrumb\",\"itemListElement\":[{\"@type\":\"ListItem\",\"position\":1,\"name\":\"Home\",\"item\":\"https:\/\/www.snowsports.ch\/fr\/\"},{\"@type\":\"ListItem\",\"position\":2,\"name\":\"Shop\",\"item\":\"https:\/\/www.snowsports.ch\/shop\/\"},{\"@type\":\"ListItem\",\"position\":3,\"name\":\"Volume\u00a03\/2010 Snowboard\"}]},{\"@type\":\"WebSite\",\"@id\":\"https:\/\/www.snowsports.ch\/fr\/#website\",\"url\":\"https:\/\/www.snowsports.ch\/fr\/\",\"name\":\"Swiss Snowsports\",\"description\":\"\",\"potentialAction\":[{\"@type\":\"SearchAction\",\"target\":{\"@type\":\"EntryPoint\",\"urlTemplate\":\"https:\/\/www.snowsports.ch\/fr\/?s={search_term_string}\"},\"query-input\":{\"@type\":\"PropertyValueSpecification\",\"valueRequired\":true,\"valueName\":\"search_term_string\"}}],\"inLanguage\":\"fr-FR\"}]}<\/script>\n<!-- \/ Yoast SEO plugin. -->","yoast_head_json":{"title":"Volume\u00a03\/2010 Snowboard &#8211; Swiss Snowsports","robots":{"index":"index","follow":"follow","max-snippet":"max-snippet:-1","max-image-preview":"max-image-preview:large","max-video-preview":"max-video-preview:-1"},"canonical":"https:\/\/www.snowsports.ch\/fr\/produit\/volume-3-2010-snowboard\/","og_locale":"fr_FR","og_type":"article","og_title":"Volume\u00a03\/2010 Snowboard &#8211; Swiss Snowsports","og_description":"Plonge-toi dans notre manuel complet pour les professeur.e.s de snowboard, avec de nombreuses s\u00e9ries d\u2019images, des descriptions d\u00e9taill\u00e9es de mouvements et des exemples d\u2019exercices concrets pour tous les groupes d\u2019apprentissage!  &nbsp;","og_url":"https:\/\/www.snowsports.ch\/fr\/produit\/volume-3-2010-snowboard\/","og_site_name":"Swiss Snowsports","article_modified_time":"2026-03-01T18:42:16+00:00","og_image":[{"width":3654,"height":3420,"url":"https:\/\/www.snowsports.ch\/wp-content\/uploads\/2024\/07\/3-3.png","type":"image\/png"}],"twitter_card":"summary_large_image","schema":{"@context":"https:\/\/schema.org","@graph":[{"@type":"WebPage","@id":"https:\/\/www.snowsports.ch\/fr\/produit\/volume-3-2010-snowboard\/","url":"https:\/\/www.snowsports.ch\/fr\/produit\/volume-3-2010-snowboard\/","name":"Volume\u00a03\/2010 Snowboard &#8211; Swiss Snowsports","isPartOf":{"@id":"https:\/\/www.snowsports.ch\/fr\/#website"},"primaryImageOfPage":{"@id":"https:\/\/www.snowsports.ch\/fr\/produit\/volume-3-2010-snowboard\/#primaryimage"},"image":{"@id":"https:\/\/www.snowsports.ch\/fr\/produit\/volume-3-2010-snowboard\/#primaryimage"},"thumbnailUrl":"https:\/\/www.snowsports.ch\/wp-content\/uploads\/2024\/07\/3-3.png","datePublished":"2024-05-30T12:03:16+00:00","dateModified":"2026-03-01T18:42:16+00:00","breadcrumb":{"@id":"https:\/\/www.snowsports.ch\/fr\/produit\/volume-3-2010-snowboard\/#breadcrumb"},"inLanguage":"fr-FR","potentialAction":[{"@type":"ReadAction","target":["https:\/\/www.snowsports.ch\/fr\/produit\/volume-3-2010-snowboard\/"]}]},{"@type":"ImageObject","inLanguage":"fr-FR","@id":"https:\/\/www.snowsports.ch\/fr\/produit\/volume-3-2010-snowboard\/#primaryimage","url":"https:\/\/www.snowsports.ch\/wp-content\/uploads\/2024\/07\/3-3.png","contentUrl":"https:\/\/www.snowsports.ch\/wp-content\/uploads\/2024\/07\/3-3.png","width":3654,"height":3420},{"@type":"BreadcrumbList","@id":"https:\/\/www.snowsports.ch\/fr\/produit\/volume-3-2010-snowboard\/#breadcrumb","itemListElement":[{"@type":"ListItem","position":1,"name":"Home","item":"https:\/\/www.snowsports.ch\/fr\/"},{"@type":"ListItem","position":2,"name":"Shop","item":"https:\/\/www.snowsports.ch\/shop\/"},{"@type":"ListItem","position":3,"name":"Volume\u00a03\/2010 Snowboard"}]},{"@type":"WebSite","@id":"https:\/\/www.snowsports.ch\/fr\/#website","url":"https:\/\/www.snowsports.ch\/fr\/","name":"Swiss Snowsports","description":"","potentialAction":[{"@type":"SearchAction","target":{"@type":"EntryPoint","urlTemplate":"https:\/\/www.snowsports.ch\/fr\/?s={search_term_string}"},"query-input":{"@type":"PropertyValueSpecification","valueRequired":true,"valueName":"search_term_string"}}],"inLanguage":"fr-FR"}]}},"_links":{"self":[{"href":"https:\/\/www.snowsports.ch\/fr\/wp-json\/wp\/v2\/product\/4955","targetHints":{"allow":["GET"]}}],"collection":[{"href":"https:\/\/www.snowsports.ch\/fr\/wp-json\/wp\/v2\/product"}],"about":[{"href":"https:\/\/www.snowsports.ch\/fr\/wp-json\/wp\/v2\/types\/product"}],"wp:featuredmedia":[{"embeddable":true,"href":"https:\/\/www.snowsports.ch\/fr\/wp-json\/wp\/v2\/media\/5106"}],"wp:attachment":[{"href":"https:\/\/www.snowsports.ch\/fr\/wp-json\/wp\/v2\/media?parent=4955"}],"wp:term":[{"taxonomy":"product_cat","embeddable":true,"href":"https:\/\/www.snowsports.ch\/fr\/wp-json\/wp\/v2\/product_cat?post=4955"},{"taxonomy":"product_tag","embeddable":true,"href":"https:\/\/www.snowsports.ch\/fr\/wp-json\/wp\/v2\/product_tag?post=4955"}],"curies":[{"name":"wp","href":"https:\/\/api.w.org\/{rel}","templated":true}]}}