{"id":4969,"date":"2024-05-29T11:11:32","date_gmt":"2024-05-29T09:11:32","guid":{"rendered":"https:\/\/www.snowsports.ch\/product\/volume-1-2010-enseignement-des-sports-de-neige\/"},"modified":"2026-04-09T11:16:33","modified_gmt":"2026-04-09T09:16:33","slug":"volume-1-2010-enseignement-des-sports-de-neige","status":"publish","type":"product","link":"https:\/\/www.snowsports.ch\/fr\/produit\/volume-1-2010-enseignement-des-sports-de-neige\/","title":{"rendered":"Volume\u00a01\/2010 Enseignement des sports de neige"},"content":{"rendered":"<p>Plonge dans le monde des connaissances approfondies en p\u00e9dagogie, motricit\u00e9 sportive et m\u00e9thodologie gr\u00e2ce \u00e0 notre manuel! D\u00e9velopp\u00e9 pour promouvoir les comp\u00e9tences op\u00e9rationnelles et transmettre des concepts cl\u00e9s de mani\u00e8re pratique, c\u2019est le choix id\u00e9al pour toutes celles et tous ceux qui souhaitent approfondir leur compr\u00e9hension dans ces domaines cl\u00e9s.<\/p>\n<p>Notre manuel offre un aper\u00e7u complet des principes fondamentaux de la p\u00e9dagogie ainsi que des subtilit\u00e9s de la motricit\u00e9 sportive et de la m\u00e9thodologie. Que tu sois un.e enseignant.e exp\u00e9riment\u00e9.e, un.e entra\u00eeneur.e en herbe ou un.e \u00e9tudiant.e engag\u00e9.e, ce livre t\u2019offre un aper\u00e7u pr\u00e9cieux et des instructions pratiques pour am\u00e9liorer tes comp\u00e9tences.<\/p>\n<p>D\u00e9couvre d\u00e8s maintenant notre manuel et fais passer tes comp\u00e9tences p\u00e9dagogiques et sportives au niveau sup\u00e9rieur!<\/p>\n","protected":false},"excerpt":{"rendered":"<p>Notre manuel vari\u00e9 combine les domaines p\u00e9dagogie, motricit\u00e9 sportive et m\u00e9thodologie\u00a0! Sp\u00e9cialement con\u00e7u pour les enseignant.e.s, les entra\u00eeneur.e.s et les \u00e9tudiant.e.s, il offre une approche globale de la pratique p\u00e9dagogique et de la formation sportive.<\/p>\n<p>&nbsp;<\/p>\n","protected":false},"featured_media":5102,"template":"","meta":{"_acf_changed":false},"product_cat":[190],"product_tag":[],"class_list":{"0":"post-4969","1":"product","2":"type-product","3":"status-publish","4":"has-post-thumbnail","6":"product_cat-manuel","8":"first","9":"instock","10":"sale","11":"taxable","12":"shipping-taxable","13":"purchasable","14":"product-type-variable"},"acf":[],"yoast_head":"<!-- This site is optimized with the Yoast SEO plugin v26.2 - https:\/\/yoast.com\/wordpress\/plugins\/seo\/ -->\n<title>Volume\u00a01\/2010 Enseignement des sports de neige &#8211; Swiss Snowsports<\/title>\n<meta name=\"robots\" content=\"index, follow, max-snippet:-1, max-image-preview:large, max-video-preview:-1\" \/>\n<link rel=\"canonical\" href=\"https:\/\/www.snowsports.ch\/fr\/produit\/volume-1-2010-enseignement-des-sports-de-neige\/\" \/>\n<meta property=\"og:locale\" content=\"fr_FR\" \/>\n<meta property=\"og:type\" content=\"article\" \/>\n<meta property=\"og:title\" content=\"Volume\u00a01\/2010 Enseignement des sports de neige &#8211; Swiss Snowsports\" \/>\n<meta property=\"og:description\" content=\"Notre manuel vari\u00e9 combine les domaines p\u00e9dagogie, motricit\u00e9 sportive et m\u00e9thodologie\u00a0! Sp\u00e9cialement con\u00e7u pour les enseignant.e.s, les entra\u00eeneur.e.s et les \u00e9tudiant.e.s, il offre une approche globale de la pratique p\u00e9dagogique et de la formation sportive.  &nbsp;\" \/>\n<meta property=\"og:url\" content=\"https:\/\/www.snowsports.ch\/fr\/produit\/volume-1-2010-enseignement-des-sports-de-neige\/\" \/>\n<meta property=\"og:site_name\" content=\"Swiss Snowsports\" \/>\n<meta property=\"article:modified_time\" content=\"2026-04-09T09:16:33+00:00\" \/>\n<meta property=\"og:image\" content=\"https:\/\/www.snowsports.ch\/wp-content\/uploads\/2024\/07\/1-3.png\" \/>\n\t<meta property=\"og:image:width\" content=\"3654\" \/>\n\t<meta property=\"og:image:height\" content=\"3420\" \/>\n\t<meta property=\"og:image:type\" content=\"image\/png\" \/>\n<meta name=\"twitter:card\" content=\"summary_large_image\" \/>\n<meta name=\"twitter:label1\" content=\"Dur\u00e9e de lecture estim\u00e9e\" \/>\n\t<meta name=\"twitter:data1\" content=\"1 minute\" \/>\n<script type=\"application\/ld+json\" class=\"yoast-schema-graph\">{\"@context\":\"https:\/\/schema.org\",\"@graph\":[{\"@type\":\"WebPage\",\"@id\":\"https:\/\/www.snowsports.ch\/fr\/produit\/volume-1-2010-enseignement-des-sports-de-neige\/\",\"url\":\"https:\/\/www.snowsports.ch\/fr\/produit\/volume-1-2010-enseignement-des-sports-de-neige\/\",\"name\":\"Volume\u00a01\/2010 Enseignement des sports de neige &#8211; Swiss Snowsports\",\"isPartOf\":{\"@id\":\"https:\/\/www.snowsports.ch\/fr\/#website\"},\"primaryImageOfPage\":{\"@id\":\"https:\/\/www.snowsports.ch\/fr\/produit\/volume-1-2010-enseignement-des-sports-de-neige\/#primaryimage\"},\"image\":{\"@id\":\"https:\/\/www.snowsports.ch\/fr\/produit\/volume-1-2010-enseignement-des-sports-de-neige\/#primaryimage\"},\"thumbnailUrl\":\"https:\/\/www.snowsports.ch\/wp-content\/uploads\/2024\/07\/1-3.png\",\"datePublished\":\"2024-05-29T09:11:32+00:00\",\"dateModified\":\"2026-04-09T09:16:33+00:00\",\"breadcrumb\":{\"@id\":\"https:\/\/www.snowsports.ch\/fr\/produit\/volume-1-2010-enseignement-des-sports-de-neige\/#breadcrumb\"},\"inLanguage\":\"fr-FR\",\"potentialAction\":[{\"@type\":\"ReadAction\",\"target\":[\"https:\/\/www.snowsports.ch\/fr\/produit\/volume-1-2010-enseignement-des-sports-de-neige\/\"]}]},{\"@type\":\"ImageObject\",\"inLanguage\":\"fr-FR\",\"@id\":\"https:\/\/www.snowsports.ch\/fr\/produit\/volume-1-2010-enseignement-des-sports-de-neige\/#primaryimage\",\"url\":\"https:\/\/www.snowsports.ch\/wp-content\/uploads\/2024\/07\/1-3.png\",\"contentUrl\":\"https:\/\/www.snowsports.ch\/wp-content\/uploads\/2024\/07\/1-3.png\",\"width\":3654,\"height\":3420},{\"@type\":\"BreadcrumbList\",\"@id\":\"https:\/\/www.snowsports.ch\/fr\/produit\/volume-1-2010-enseignement-des-sports-de-neige\/#breadcrumb\",\"itemListElement\":[{\"@type\":\"ListItem\",\"position\":1,\"name\":\"Home\",\"item\":\"https:\/\/www.snowsports.ch\/fr\/\"},{\"@type\":\"ListItem\",\"position\":2,\"name\":\"Shop\",\"item\":\"https:\/\/www.snowsports.ch\/shop\/\"},{\"@type\":\"ListItem\",\"position\":3,\"name\":\"Volume\u00a01\/2010 Enseignement des sports de neige\"}]},{\"@type\":\"WebSite\",\"@id\":\"https:\/\/www.snowsports.ch\/fr\/#website\",\"url\":\"https:\/\/www.snowsports.ch\/fr\/\",\"name\":\"Swiss Snowsports\",\"description\":\"\",\"potentialAction\":[{\"@type\":\"SearchAction\",\"target\":{\"@type\":\"EntryPoint\",\"urlTemplate\":\"https:\/\/www.snowsports.ch\/fr\/?s={search_term_string}\"},\"query-input\":{\"@type\":\"PropertyValueSpecification\",\"valueRequired\":true,\"valueName\":\"search_term_string\"}}],\"inLanguage\":\"fr-FR\"}]}<\/script>\n<!-- \/ Yoast SEO plugin. -->","yoast_head_json":{"title":"Volume\u00a01\/2010 Enseignement des sports de neige &#8211; Swiss Snowsports","robots":{"index":"index","follow":"follow","max-snippet":"max-snippet:-1","max-image-preview":"max-image-preview:large","max-video-preview":"max-video-preview:-1"},"canonical":"https:\/\/www.snowsports.ch\/fr\/produit\/volume-1-2010-enseignement-des-sports-de-neige\/","og_locale":"fr_FR","og_type":"article","og_title":"Volume\u00a01\/2010 Enseignement des sports de neige &#8211; Swiss Snowsports","og_description":"Notre manuel vari\u00e9 combine les domaines p\u00e9dagogie, motricit\u00e9 sportive et m\u00e9thodologie\u00a0! Sp\u00e9cialement con\u00e7u pour les enseignant.e.s, les entra\u00eeneur.e.s et les \u00e9tudiant.e.s, il offre une approche globale de la pratique p\u00e9dagogique et de la formation sportive.  &nbsp;","og_url":"https:\/\/www.snowsports.ch\/fr\/produit\/volume-1-2010-enseignement-des-sports-de-neige\/","og_site_name":"Swiss Snowsports","article_modified_time":"2026-04-09T09:16:33+00:00","og_image":[{"width":3654,"height":3420,"url":"https:\/\/www.snowsports.ch\/wp-content\/uploads\/2024\/07\/1-3.png","type":"image\/png"}],"twitter_card":"summary_large_image","twitter_misc":{"Dur\u00e9e de lecture estim\u00e9e":"1 minute"},"schema":{"@context":"https:\/\/schema.org","@graph":[{"@type":"WebPage","@id":"https:\/\/www.snowsports.ch\/fr\/produit\/volume-1-2010-enseignement-des-sports-de-neige\/","url":"https:\/\/www.snowsports.ch\/fr\/produit\/volume-1-2010-enseignement-des-sports-de-neige\/","name":"Volume\u00a01\/2010 Enseignement des sports de neige &#8211; Swiss Snowsports","isPartOf":{"@id":"https:\/\/www.snowsports.ch\/fr\/#website"},"primaryImageOfPage":{"@id":"https:\/\/www.snowsports.ch\/fr\/produit\/volume-1-2010-enseignement-des-sports-de-neige\/#primaryimage"},"image":{"@id":"https:\/\/www.snowsports.ch\/fr\/produit\/volume-1-2010-enseignement-des-sports-de-neige\/#primaryimage"},"thumbnailUrl":"https:\/\/www.snowsports.ch\/wp-content\/uploads\/2024\/07\/1-3.png","datePublished":"2024-05-29T09:11:32+00:00","dateModified":"2026-04-09T09:16:33+00:00","breadcrumb":{"@id":"https:\/\/www.snowsports.ch\/fr\/produit\/volume-1-2010-enseignement-des-sports-de-neige\/#breadcrumb"},"inLanguage":"fr-FR","potentialAction":[{"@type":"ReadAction","target":["https:\/\/www.snowsports.ch\/fr\/produit\/volume-1-2010-enseignement-des-sports-de-neige\/"]}]},{"@type":"ImageObject","inLanguage":"fr-FR","@id":"https:\/\/www.snowsports.ch\/fr\/produit\/volume-1-2010-enseignement-des-sports-de-neige\/#primaryimage","url":"https:\/\/www.snowsports.ch\/wp-content\/uploads\/2024\/07\/1-3.png","contentUrl":"https:\/\/www.snowsports.ch\/wp-content\/uploads\/2024\/07\/1-3.png","width":3654,"height":3420},{"@type":"BreadcrumbList","@id":"https:\/\/www.snowsports.ch\/fr\/produit\/volume-1-2010-enseignement-des-sports-de-neige\/#breadcrumb","itemListElement":[{"@type":"ListItem","position":1,"name":"Home","item":"https:\/\/www.snowsports.ch\/fr\/"},{"@type":"ListItem","position":2,"name":"Shop","item":"https:\/\/www.snowsports.ch\/shop\/"},{"@type":"ListItem","position":3,"name":"Volume\u00a01\/2010 Enseignement des sports de neige"}]},{"@type":"WebSite","@id":"https:\/\/www.snowsports.ch\/fr\/#website","url":"https:\/\/www.snowsports.ch\/fr\/","name":"Swiss Snowsports","description":"","potentialAction":[{"@type":"SearchAction","target":{"@type":"EntryPoint","urlTemplate":"https:\/\/www.snowsports.ch\/fr\/?s={search_term_string}"},"query-input":{"@type":"PropertyValueSpecification","valueRequired":true,"valueName":"search_term_string"}}],"inLanguage":"fr-FR"}]}},"_links":{"self":[{"href":"https:\/\/www.snowsports.ch\/fr\/wp-json\/wp\/v2\/product\/4969","targetHints":{"allow":["GET"]}}],"collection":[{"href":"https:\/\/www.snowsports.ch\/fr\/wp-json\/wp\/v2\/product"}],"about":[{"href":"https:\/\/www.snowsports.ch\/fr\/wp-json\/wp\/v2\/types\/product"}],"wp:featuredmedia":[{"embeddable":true,"href":"https:\/\/www.snowsports.ch\/fr\/wp-json\/wp\/v2\/media\/5102"}],"wp:attachment":[{"href":"https:\/\/www.snowsports.ch\/fr\/wp-json\/wp\/v2\/media?parent=4969"}],"wp:term":[{"taxonomy":"product_cat","embeddable":true,"href":"https:\/\/www.snowsports.ch\/fr\/wp-json\/wp\/v2\/product_cat?post=4969"},{"taxonomy":"product_tag","embeddable":true,"href":"https:\/\/www.snowsports.ch\/fr\/wp-json\/wp\/v2\/product_tag?post=4969"}],"curies":[{"name":"wp","href":"https:\/\/api.w.org\/{rel}","templated":true}]}}